{"id":4088,"date":"2025-04-17T13:34:58","date_gmt":"2025-04-17T13:34:58","guid":{"rendered":"https:\/\/peakgroupag.com\/?page_id=4088"},"modified":"2025-04-21T15:36:27","modified_gmt":"2025-04-21T15:36:27","slug":"erdol-petroleum","status":"publish","type":"page","link":"https:\/\/peakgroupag.com\/de\/unsere-dienstleistungen\/erdol-petroleum\/","title":{"rendered":"Erd\u00f6l und Petroleum"},"content":{"rendered":"<div data-elementor-type=\"wp-page\" data-elementor-id=\"4088\" class=\"elementor elementor-4088\" data-elementor-post-type=\"page\">\n\t\t\t\t\t\t<section class=\"elementor-section elementor-top-section elementor-element elementor-element-da0f1b2 elementor-reverse-mobile elementor-section-boxed elementor-section-height-default elementor-section-height-default\" data-id=\"da0f1b2\" data-element_type=\"section\" data-e-type=\"section\">\n\t\t\t\t\t\t<div class=\"elementor-container elementor-column-gap-no\">\n\t\t\t\t\t<div class=\"elementor-column elementor-col-50 elementor-top-column elementor-element elementor-element-15aeca1d\" data-id=\"15aeca1d\" data-element_type=\"column\" data-e-type=\"column\">\n\t\t\t<div class=\"elementor-widget-wrap elementor-element-populated\">\n\t\t\t\t\t\t<div class=\"elementor-element elementor-element-7523631f elementor-nav-menu--indicator-angle elementor-widget elementor-widget-opal-nav-menu\" data-id=\"7523631f\" data-element_type=\"widget\" data-e-type=\"widget\" data-settings=\"{&quot;layout&quot;:&quot;vertical&quot;}\" data-widget_type=\"opal-nav-menu.default\">\n\t\t\t\t<div class=\"elementor-widget-container\">\n\t\t\t\t\t        <nav data-submenusminwidth=\"50\" data-submenusmaxwidth=\"500\" class=\"elementor-nav-menu--main elementor-nav-menu__container elementor-nav-menu--layout-vertical e--pointer-none\">\n                        <ul id=\"menu-1-7523631f\" class=\"elementor-nav-menu sm-vertical\"><li class=\"menu-item menu-item-type-post_type menu-item-object-page menu-item-4152\"><a href=\"https:\/\/peakgroupag.com\/de\/unsere-dienstleistungen\/erdol-petroleum\/\" class=\"elementor-item\"><span class=\"menu-title\">Erd\u00f6l und Petroleum<\/span><\/a><\/li>\n<li class=\"menu-item menu-item-type-post_type menu-item-object-page menu-item-4154\"><a href=\"https:\/\/peakgroupag.com\/de\/unsere-dienstleistungen\/handel-finanzierung\/\" class=\"elementor-item\"><span class=\"menu-title\">Handelsfinanzierung<\/span><\/a><\/li>\n<li class=\"menu-item menu-item-type-post_type menu-item-object-page menu-item-4150\"><a href=\"https:\/\/peakgroupag.com\/de\/unsere-dienstleistungen\/bau-immobilie\/\" class=\"elementor-item\"><span class=\"menu-title\">Bauwesen und Immobilien<\/span><\/a><\/li>\n<li class=\"menu-item menu-item-type-post_type menu-item-object-page menu-item-4153\"><a href=\"https:\/\/peakgroupag.com\/de\/unsere-dienstleistungen\/fertigteiltechnologien\/\" class=\"elementor-item\"><span class=\"menu-title\">Vorgefertigte Technologien<\/span><\/a><\/li>\n<li class=\"menu-item menu-item-type-post_type menu-item-object-page menu-item-4149\"><a href=\"https:\/\/peakgroupag.com\/de\/unsere-dienstleistungen\/keramik-naturstein-angebot\/\" class=\"elementor-item\"><span class=\"menu-title\">Keramik- &amp; Natursteinversorgung<\/span><\/a><\/li>\n<li class=\"menu-item menu-item-type-post_type menu-item-object-page menu-item-4151\"><a href=\"https:\/\/peakgroupag.com\/de\/unsere-dienstleistungen\/import-export-recycling\/\" class=\"elementor-item\"><span class=\"menu-title\">Import\/Export &amp; Recycling<\/span><\/a><\/li>\n<\/ul>        <\/nav>\n        \t\t\t\t<\/div>\n\t\t\t\t<\/div>\n\t\t\t\t<section class=\"elementor-section elementor-inner-section elementor-element elementor-element-493aff15 elementor-section-boxed elementor-section-height-default elementor-section-height-default\" data-id=\"493aff15\" data-element_type=\"section\" data-e-type=\"section\">\n\t\t\t\t\t\t<div class=\"elementor-container elementor-column-gap-no\">\n\t\t\t\t\t<div class=\"elementor-column elementor-col-100 elementor-inner-column elementor-element elementor-element-483850b3 opal-box-clip-sm\" data-id=\"483850b3\" data-element_type=\"column\" data-e-type=\"column\" data-settings=\"{&quot;background_background&quot;:&quot;classic&quot;}\">\n\t\t\t<div class=\"elementor-widget-wrap elementor-element-populated\">\n\t\t\t\t\t\t<div class=\"elementor-element elementor-element-6c4235dd animated-fast elementor-invisible elementor-widget elementor-widget-image\" data-id=\"6c4235dd\" data-element_type=\"widget\" data-e-type=\"widget\" data-settings=\"{&quot;_animation&quot;:&quot;opal-move-up&quot;}\" data-widget_type=\"image.default\">\n\t\t\t\t<div class=\"elementor-widget-container\">\n\t\t\t\t\t\t\t\t\t\t\t\t\t\t\t<img fetchpriority=\"high\" decoding=\"async\" width=\"476\" height=\"430\" src=\"https:\/\/peakgroupag.com\/wp-content\/uploads\/2019\/06\/img_about.png\" class=\"attachment-full size-full wp-image-1967\" alt=\"\" srcset=\"https:\/\/peakgroupag.com\/wp-content\/uploads\/2019\/06\/img_about.png 476w, https:\/\/peakgroupag.com\/wp-content\/uploads\/2019\/06\/img_about-300x271.png 300w\" sizes=\"(max-width: 476px) 100vw, 476px\" \/>\t\t\t\t\t\t\t\t\t\t\t\t\t\t\t<\/div>\n\t\t\t\t<\/div>\n\t\t\t\t<div class=\"elementor-element elementor-element-761123b4 elementor-mobile-align-center animated-fast elementor-align-center elementor-invisible elementor-widget elementor-widget-heading\" data-id=\"761123b4\" data-element_type=\"widget\" data-e-type=\"widget\" data-settings=\"{&quot;_animation&quot;:&quot;opal-move-up&quot;}\" data-widget_type=\"heading.default\">\n\t\t\t\t<div class=\"elementor-widget-container\">\n\t\t\t\t\t<h2 class=\"elementor-heading-title elementor-size-default\">Download a company<br>\nbrochure<\/h2>\t\t\t\t<\/div>\n\t\t\t\t<\/div>\n\t\t\t\t<div class=\"elementor-element elementor-element-19b198c5 elementor-mobile-align-center animated-fast elementor-align-center elementor-button-primary elementor-invisible elementor-widget elementor-widget-button\" data-id=\"19b198c5\" data-element_type=\"widget\" data-e-type=\"widget\" data-settings=\"{&quot;_animation&quot;:&quot;opal-move-up&quot;}\" data-widget_type=\"button.default\">\n\t\t\t\t<div class=\"elementor-widget-container\">\n\t\t\t\t\t        <div class=\"elementor-button-wrapper\">\n            <a href=\"#\" class=\"elementor-button-link elementor-button elementor-size-md\" role=\"button\">\n                \t\t<span class=\"elementor-button-content-wrapper\">\n\t\t\t\t\t\t<span class=\"elementor-button-icon\">\n\t\t\t\t\t\t\t\t\t<i class=\"opal-icon-long-arrow-right\" aria-hidden=\"true\"><\/i>\n\t\t\t\t\t\t\t<\/span>\n\t\t\t\t\t\t\t\t\t<span class=\"elementor-button-text\">Get A Copy<\/span>\n\t\t\t\t\t<\/span>\n\t\t            <\/a>\n        <\/div>\n        \t\t\t\t<\/div>\n\t\t\t\t<\/div>\n\t\t\t\t\t<\/div>\n\t\t<\/div>\n\t\t\t\t\t<\/div>\n\t\t<\/section>\n\t\t\t\t<section class=\"elementor-section elementor-inner-section elementor-element elementor-element-5395354e elementor-section-boxed elementor-section-height-default elementor-section-height-default\" data-id=\"5395354e\" data-element_type=\"section\" data-e-type=\"section\">\n\t\t\t\t\t\t<div class=\"elementor-container elementor-column-gap-no\">\n\t\t\t\t\t<div class=\"elementor-column elementor-col-100 elementor-inner-column elementor-element elementor-element-39a64145 opal-box-clip-sm\" data-id=\"39a64145\" data-element_type=\"column\" data-e-type=\"column\" data-settings=\"{&quot;background_background&quot;:&quot;classic&quot;}\">\n\t\t\t<div class=\"elementor-widget-wrap elementor-element-populated\">\n\t\t\t\t\t\t<div class=\"elementor-element elementor-element-5e799a4 animated-fast elementor-invisible elementor-widget elementor-widget-heading\" data-id=\"5e799a4\" data-element_type=\"widget\" data-e-type=\"widget\" data-settings=\"{&quot;_animation&quot;:&quot;opal-move-up&quot;}\" data-widget_type=\"heading.default\">\n\t\t\t\t<div class=\"elementor-widget-container\">\n\t\t\t\t\t<h2 class=\"elementor-heading-title elementor-size-default\">Haben Sie noch Fragen?<\/h2>\t\t\t\t<\/div>\n\t\t\t\t<\/div>\n\t\t\t\t<div class=\"elementor-element elementor-element-1afc0189 animated-fast elementor-invisible elementor-widget elementor-widget-text-editor\" data-id=\"1afc0189\" data-element_type=\"widget\" data-e-type=\"widget\" data-settings=\"{&quot;_animation&quot;:&quot;opal-move-up&quot;}\" data-widget_type=\"text-editor.default\">\n\t\t\t\t<div class=\"elementor-widget-container\">\n\t\t\t\t\t        <div class=\"elementor-text-editor elementor-clearfix\"><p>Wenden Sie sich an die n\u00e4chstgelegene Niederlassung oder stellen Sie online eine Gesch\u00e4ftsanfrage<\/p><\/div>\n        \t\t\t\t<\/div>\n\t\t\t\t<\/div>\n\t\t\t\t<div class=\"elementor-element elementor-element-1ec4894f elementor-mobile-align-center animated-fast elementor-button-light elementor-align-center elementor-invisible elementor-widget elementor-widget-button\" data-id=\"1ec4894f\" data-element_type=\"widget\" data-e-type=\"widget\" data-settings=\"{&quot;_animation&quot;:&quot;opal-move-up&quot;}\" data-widget_type=\"button.default\">\n\t\t\t\t<div class=\"elementor-widget-container\">\n\t\t\t\t\t        <div class=\"elementor-button-wrapper\">\n            <a href=\"https:\/\/peakgroupag.com\/de\/contact\/\" class=\"elementor-button-link elementor-button elementor-size-md\" role=\"button\">\n                \t\t<span class=\"elementor-button-content-wrapper\">\n\t\t\t\t\t\t<span class=\"elementor-button-icon\">\n\t\t\t\t\t\t\t\t\t<i class=\"opal-icon-long-arrow-right\" aria-hidden=\"true\"><\/i>\n\t\t\t\t\t\t\t<\/span>\n\t\t\t\t\t\t\t\t\t<span class=\"elementor-button-text\">Kontakt<\/span>\n\t\t\t\t\t<\/span>\n\t\t            <\/a>\n        <\/div>\n        \t\t\t\t<\/div>\n\t\t\t\t<\/div>\n\t\t\t\t\t<\/div>\n\t\t<\/div>\n\t\t\t\t\t<\/div>\n\t\t<\/section>\n\t\t\t\t\t<\/div>\n\t\t<\/div>\n\t\t\t\t<div class=\"elementor-column elementor-col-50 elementor-top-column elementor-element elementor-element-1274ae7c\" data-id=\"1274ae7c\" data-element_type=\"column\" data-e-type=\"column\">\n\t\t\t<div class=\"elementor-widget-wrap elementor-element-populated\">\n\t\t\t\t\t\t<section class=\"elementor-section elementor-inner-section elementor-element elementor-element-43e3245e elementor-section-boxed elementor-section-height-default elementor-section-height-default\" data-id=\"43e3245e\" data-element_type=\"section\" data-e-type=\"section\">\n\t\t\t\t\t\t<div class=\"elementor-container elementor-column-gap-no\">\n\t\t\t\t\t<div class=\"elementor-column elementor-col-100 elementor-inner-column elementor-element elementor-element-20de130f\" data-id=\"20de130f\" data-element_type=\"column\" data-e-type=\"column\">\n\t\t\t<div class=\"elementor-widget-wrap elementor-element-populated\">\n\t\t\t\t\t\t<div class=\"elementor-element elementor-element-7940735 animated-fast img-animated elementor-invisible elementor-widget elementor-widget-image\" data-id=\"7940735\" data-element_type=\"widget\" data-e-type=\"widget\" data-settings=\"{&quot;_animation&quot;:&quot;opal-move-up&quot;,&quot;_animation_delay&quot;:350}\" data-widget_type=\"image.default\">\n\t\t\t\t<div class=\"elementor-widget-container\">\n\t\t\t\t\t\t\t\t\t\t\t\t\t\t\t<img decoding=\"async\" width=\"810\" height=\"330\" src=\"https:\/\/peakgroupag.com\/wp-content\/uploads\/2025\/04\/oilbanner2.webp\" class=\"attachment-full size-full wp-image-4546\" alt=\"\" srcset=\"https:\/\/peakgroupag.com\/wp-content\/uploads\/2025\/04\/oilbanner2.webp 810w, https:\/\/peakgroupag.com\/wp-content\/uploads\/2025\/04\/oilbanner2-300x122.webp 300w, https:\/\/peakgroupag.com\/wp-content\/uploads\/2025\/04\/oilbanner2-768x313.webp 768w, https:\/\/peakgroupag.com\/wp-content\/uploads\/2025\/04\/oilbanner2-700x285.webp 700w\" sizes=\"(max-width: 810px) 100vw, 810px\" \/>\t\t\t\t\t\t\t\t\t\t\t\t\t\t\t<\/div>\n\t\t\t\t<\/div>\n\t\t\t\t\t<\/div>\n\t\t<\/div>\n\t\t\t\t\t<\/div>\n\t\t<\/section>\n\t\t\t\t<section class=\"elementor-section elementor-inner-section elementor-element elementor-element-63018cc0 elementor-section-boxed elementor-section-height-default elementor-section-height-default\" data-id=\"63018cc0\" data-element_type=\"section\" data-e-type=\"section\">\n\t\t\t\t\t\t<div class=\"elementor-container elementor-column-gap-no\">\n\t\t\t\t\t<div class=\"elementor-column elementor-col-100 elementor-inner-column elementor-element elementor-element-31c01192\" data-id=\"31c01192\" data-element_type=\"column\" data-e-type=\"column\">\n\t\t\t<div class=\"elementor-widget-wrap elementor-element-populated\">\n\t\t\t\t\t\t<div class=\"elementor-element elementor-element-44aefeaf elementor-tablet-align-center animated-fast elementor-invisible elementor-widget elementor-widget-heading\" data-id=\"44aefeaf\" data-element_type=\"widget\" data-e-type=\"widget\" data-settings=\"{&quot;_animation&quot;:&quot;opal-move-up&quot;}\" data-widget_type=\"heading.default\">\n\t\t\t\t<div class=\"elementor-widget-container\">\n\t\t\t\t\t<h2 class=\"elementor-heading-title elementor-size-default\">\u00dcbersicht<\/h2>\t\t\t\t<\/div>\n\t\t\t\t<\/div>\n\t\t\t\t<div class=\"elementor-element elementor-element-42e1de72 animated-fast elementor-invisible elementor-widget elementor-widget-text-editor\" data-id=\"42e1de72\" data-element_type=\"widget\" data-e-type=\"widget\" data-settings=\"{&quot;_animation&quot;:&quot;opal-move-up&quot;}\" data-widget_type=\"text-editor.default\">\n\t\t\t\t<div class=\"elementor-widget-container\">\n\t\t\t\t\t        <div class=\"elementor-text-editor elementor-clearfix\"><p class=\"\" data-start=\"173\" data-end=\"581\">Wir sind eng in den weltweiten Handel mit Erd\u00f6l und Erd\u00f6lprodukten eingebunden und sorgen f\u00fcr eine zuverl\u00e4ssige und effiziente Versorgung mit wichtigen Energieressourcen. Unser Produktportfolio umfasst Benzin, Diesel, Fl\u00fcssiggas (LPG), Fl\u00fcssiggas (LNG) und andere Erd\u00f6lderivate, die alle von zuverl\u00e4ssigen globalen Lieferanten bezogen werden. Unser Team ist bestrebt, den Bedarf von Unternehmen weltweit mit Produkten zu decken, die den h\u00f6chsten internationalen Standards entsprechen.<\/p><p class=\"\" data-start=\"583\" data-end=\"860\">Mit einem Schwerpunkt auf Nachhaltigkeit bem\u00fchen wir uns, umweltfreundliche L\u00f6sungen anzubieten und gleichzeitig wettbewerbsf\u00e4hige Preise und p\u00fcnktliche Lieferungen zu gew\u00e4hrleisten. Dank unseres ausgedehnten Netzwerks k\u00f6nnen wir die Komplexit\u00e4t des globalen \u00d6lhandels bew\u00e4ltigen und sicherstellen, dass die Gesch\u00e4fte unserer Kunden reibungslos und effizient laufen.<\/p><\/div>\n        \t\t\t\t<\/div>\n\t\t\t\t<\/div>\n\t\t\t\t\t<\/div>\n\t\t<\/div>\n\t\t\t\t\t<\/div>\n\t\t<\/section>\n\t\t\t\t<section class=\"elementor-section elementor-inner-section elementor-element elementor-element-1ddb30bf elementor-section-boxed elementor-section-height-default elementor-section-height-default\" data-id=\"1ddb30bf\" data-element_type=\"section\" data-e-type=\"section\">\n\t\t\t\t\t\t<div class=\"elementor-container elementor-column-gap-no\">\n\t\t\t\t\t<div class=\"elementor-column elementor-col-50 elementor-inner-column elementor-element elementor-element-2f113d47\" data-id=\"2f113d47\" data-element_type=\"column\" data-e-type=\"column\">\n\t\t\t<div class=\"elementor-widget-wrap elementor-element-populated\">\n\t\t\t\t\t\t<div class=\"elementor-element elementor-element-3c847149 animated-fast elementor-view-default elementor-position-top elementor-vertical-align-top elementor-invisible elementor-widget elementor-widget-icon-box\" data-id=\"3c847149\" data-element_type=\"widget\" data-e-type=\"widget\" data-settings=\"{&quot;_animation&quot;:&quot;opal-move-up&quot;,&quot;_animation_delay&quot;:0}\" data-widget_type=\"icon-box.default\">\n\t\t\t\t<div class=\"elementor-widget-container\">\n\t\t\t\t\t        <div class=\"elementor-icon-box-wrapper\">\n                            <div class=\"elementor-icon-box-icon\">\n                <span class=\"elementor-icon elementor-animation-\" >\n                <i class=\"opal-icon-goals\" aria-hidden=\"true\"><\/i>\n                <\/span>\n                <\/div>\n                        <div class=\"elementor-icon-box-content\">\n            <h5 class=\"elementor-icon-box-subtitle\"><\/h5>\n            <h3 class=\"elementor-icon-box-title\">\n            <span >Umfassende Produktpalette<\/span>\n            <\/h3>\n            <p class=\"elementor-icon-box-description\">Wir bieten die umfassendsten industriellen L\u00f6sungen des Jahrhunderts f\u00fcr Forschung, Design und Entwicklung von Materialien.<\/p>\n            <\/div>\n        <\/div>\n        \t\t\t\t<\/div>\n\t\t\t\t<\/div>\n\t\t\t\t\t<\/div>\n\t\t<\/div>\n\t\t\t\t<div class=\"elementor-column elementor-col-50 elementor-inner-column elementor-element elementor-element-482eced2\" data-id=\"482eced2\" data-element_type=\"column\" data-e-type=\"column\">\n\t\t\t<div class=\"elementor-widget-wrap elementor-element-populated\">\n\t\t\t\t\t\t<div class=\"elementor-element elementor-element-4ebb8e49 animated-fast elementor-view-default elementor-position-top elementor-vertical-align-top elementor-invisible elementor-widget elementor-widget-icon-box\" data-id=\"4ebb8e49\" data-element_type=\"widget\" data-e-type=\"widget\" data-settings=\"{&quot;_animation&quot;:&quot;opal-move-up&quot;,&quot;_animation_delay&quot;:150}\" data-widget_type=\"icon-box.default\">\n\t\t\t\t<div class=\"elementor-widget-container\">\n\t\t\t\t\t        <div class=\"elementor-icon-box-wrapper\">\n                            <div class=\"elementor-icon-box-icon\">\n                <span class=\"elementor-icon elementor-animation-\" >\n                <i class=\"opal-icon-why\" aria-hidden=\"true\"><\/i>\n                <\/span>\n                <\/div>\n                        <div class=\"elementor-icon-box-content\">\n            <h5 class=\"elementor-icon-box-subtitle\"><\/h5>\n            <h3 class=\"elementor-icon-box-title\">\n            <span >Globales Liefernetzwerk<\/span>\n            <\/h3>\n            <p class=\"elementor-icon-box-description\">Die Verfahren und Techniken, die w\u00e4hrend des Bauprozesses angewendet werden<\/p>\n            <\/div>\n        <\/div>\n        \t\t\t\t<\/div>\n\t\t\t\t<\/div>\n\t\t\t\t\t<\/div>\n\t\t<\/div>\n\t\t\t\t\t<\/div>\n\t\t<\/section>\n\t\t\t\t<section class=\"elementor-section elementor-inner-section elementor-element elementor-element-46aba9a4 elementor-section-boxed elementor-section-height-default elementor-section-height-default\" data-id=\"46aba9a4\" data-element_type=\"section\" data-e-type=\"section\">\n\t\t\t\t\t\t<div class=\"elementor-container elementor-column-gap-no\">\n\t\t\t\t\t<div class=\"elementor-column elementor-col-100 elementor-inner-column elementor-element elementor-element-6b6b3de2\" data-id=\"6b6b3de2\" data-element_type=\"column\" data-e-type=\"column\">\n\t\t\t<div class=\"elementor-widget-wrap elementor-element-populated\">\n\t\t\t\t\t\t<div class=\"elementor-element elementor-element-c9ad431 animated-fast elementor-widget-divider--view-line elementor-invisible elementor-widget elementor-widget-divider\" data-id=\"c9ad431\" data-element_type=\"widget\" data-e-type=\"widget\" data-settings=\"{&quot;_animation&quot;:&quot;opal-move-up&quot;}\" data-widget_type=\"divider.default\">\n\t\t\t\t<div class=\"elementor-widget-container\">\n\t\t\t\t\t\t\t<div class=\"elementor-divider\">\n\t\t\t<span class=\"elementor-divider-separator\">\n\t\t\t\t\t\t<\/span>\n\t\t<\/div>\n\t\t\t\t\t\t<\/div>\n\t\t\t\t<\/div>\n\t\t\t\t<div class=\"elementor-element elementor-element-6bde0c0a elementor-tablet-align-center animated-fast elementor-invisible elementor-widget elementor-widget-heading\" data-id=\"6bde0c0a\" data-element_type=\"widget\" data-e-type=\"widget\" data-settings=\"{&quot;_animation&quot;:&quot;opal-move-up&quot;}\" data-widget_type=\"heading.default\">\n\t\t\t\t<div class=\"elementor-widget-container\">\n\t\t\t\t\t<h2 class=\"elementor-heading-title elementor-size-default\">Vorteile<\/h2>\t\t\t\t<\/div>\n\t\t\t\t<\/div>\n\t\t\t\t\t<\/div>\n\t\t<\/div>\n\t\t\t\t\t<\/div>\n\t\t<\/section>\n\t\t\t\t<section class=\"elementor-section elementor-inner-section elementor-element elementor-element-327b2a80 elementor-section-boxed elementor-section-height-default elementor-section-height-default\" data-id=\"327b2a80\" data-element_type=\"section\" data-e-type=\"section\">\n\t\t\t\t\t\t<div class=\"elementor-container elementor-column-gap-no\">\n\t\t\t\t\t<div class=\"elementor-column elementor-col-100 elementor-inner-column elementor-element elementor-element-b06f9e9\" data-id=\"b06f9e9\" data-element_type=\"column\" data-e-type=\"column\">\n\t\t\t<div class=\"elementor-widget-wrap elementor-element-populated\">\n\t\t\t\t\t\t<div class=\"elementor-element elementor-element-76b4f9f5 animated-fast elementor-invisible elementor-widget elementor-widget-icon-list\" data-id=\"76b4f9f5\" data-element_type=\"widget\" data-e-type=\"widget\" data-settings=\"{&quot;_animation&quot;:&quot;opal-move-up&quot;,&quot;_animation_delay&quot;:0}\" data-widget_type=\"icon-list.default\">\n\t\t\t\t<div class=\"elementor-widget-container\">\n\t\t\t\t\t        <ul class=\"elementor-icon-list-items\">\n                            <li class=\"elementor-icon-list-item\" >\n                                            <span class=\"elementor-icon-list-icon\">\n\t\t\t\t\t\t\t<i class=\"fa fa-check\" aria-hidden=\"true\"><\/i>\n\t\t\t\t\t\t<\/span>\n                                        <span class=\"elementor-icon-list-text\">Globales Angebot und effiziente Lieferung<\/span>\n                                    <\/li>\n                            <li class=\"elementor-icon-list-item\" >\n                                            <span class=\"elementor-icon-list-icon\">\n\t\t\t\t\t\t\t<i class=\"fa fa-check\" aria-hidden=\"true\"><\/i>\n\t\t\t\t\t\t<\/span>\n                                        <span class=\"elementor-icon-list-text\">Wettbewerbsf\u00e4hige Preise f\u00fcr Produkte von h\u00f6chster Qualit\u00e4t<\/span>\n                                    <\/li>\n                            <li class=\"elementor-icon-list-item\" >\n                                            <span class=\"elementor-icon-list-icon\">\n\t\t\t\t\t\t\t<i class=\"fa fa-check\" aria-hidden=\"true\"><\/i>\n\t\t\t\t\t\t<\/span>\n                                        <span class=\"elementor-icon-list-text\">Konstante Produktverf\u00fcgbarkeit und Zuverl\u00e4ssigkeit<\/span>\n                                    <\/li>\n                            <li class=\"elementor-icon-list-item\" >\n                                            <span class=\"elementor-icon-list-icon\">\n\t\t\t\t\t\t\t<i class=\"fa fa-check\" aria-hidden=\"true\"><\/i>\n\t\t\t\t\t\t<\/span>\n                                        <span class=\"elementor-icon-list-text\">Zuverl\u00e4ssige und qualitativ hochwertige Versorgung<\/span>\n                                    <\/li>\n                            <li class=\"elementor-icon-list-item\" >\n                                            <span class=\"elementor-icon-list-icon\">\n\t\t\t\t\t\t\t<i class=\"fa fa-check\" aria-hidden=\"true\"><\/i>\n\t\t\t\t\t\t<\/span>\n                                        <span class=\"elementor-icon-list-text\">Wettbewerbsf\u00e4hige und transparente Preisgestaltung<\/span>\n                                    <\/li>\n                    <\/ul>\n        \t\t\t\t<\/div>\n\t\t\t\t<\/div>\n\t\t\t\t\t<\/div>\n\t\t<\/div>\n\t\t\t\t\t<\/div>\n\t\t<\/section>\n\t\t\t\t\t<\/div>\n\t\t<\/div>\n\t\t\t\t\t<\/div>\n\t\t<\/section>\n\t\t\t\t<\/div>","protected":false},"excerpt":{"rendered":"<p>Download a company brochure Get A Copy Do you have any questions? Contact us at the office nearest to you or submit a business inquiry online Contact Us Overview We are deeply involved in the global trade of oil and petroleum products, ensuring reliable and efficient delivery of essential energy resources. Our product portfolio includes &hellip; <\/p>\n<p class=\"link-more\"><a href=\"https:\/\/peakgroupag.com\/de\/unsere-dienstleistungen\/erdol-petroleum\/\" class=\"more-link\">Mehr lesen <i class=\"opal-icon-long-arrow-right\"><\/i><span class=\"screen-reader-text\"> &#8220;Oil &#038; Petroleum&#8221;<\/span><\/a><\/p>","protected":false},"author":1,"featured_media":0,"parent":2548,"menu_order":0,"comment_status":"closed","ping_status":"closed","template":"page-elementor.php","meta":{"footnotes":""},"class_list":["post-4088","page","type-page","status-publish","hentry"],"_links":{"self":[{"href":"https:\/\/peakgroupag.com\/de\/wp-json\/wp\/v2\/pages\/4088","targetHints":{"allow":["GET"]}}],"collection":[{"href":"https:\/\/peakgroupag.com\/de\/wp-json\/wp\/v2\/pages"}],"about":[{"href":"https:\/\/peakgroupag.com\/de\/wp-json\/wp\/v2\/types\/page"}],"author":[{"embeddable":true,"href":"https:\/\/peakgroupag.com\/de\/wp-json\/wp\/v2\/users\/1"}],"replies":[{"embeddable":true,"href":"https:\/\/peakgroupag.com\/de\/wp-json\/wp\/v2\/comments?post=4088"}],"version-history":[{"count":29,"href":"https:\/\/peakgroupag.com\/de\/wp-json\/wp\/v2\/pages\/4088\/revisions"}],"predecessor-version":[{"id":4549,"href":"https:\/\/peakgroupag.com\/de\/wp-json\/wp\/v2\/pages\/4088\/revisions\/4549"}],"up":[{"embeddable":true,"href":"https:\/\/peakgroupag.com\/de\/wp-json\/wp\/v2\/pages\/2548"}],"wp:attachment":[{"href":"https:\/\/peakgroupag.com\/de\/wp-json\/wp\/v2\/media?parent=4088"}],"curies":[{"name":"wp","href":"https:\/\/api.w.org\/{rel}","templated":true}]}}