{"id":4103,"date":"2025-04-17T14:04:53","date_gmt":"2025-04-17T14:04:53","guid":{"rendered":"https:\/\/peakgroupag.com\/?page_id=4103"},"modified":"2025-04-21T15:37:07","modified_gmt":"2025-04-21T15:37:07","slug":"handel-finanzierung","status":"publish","type":"page","link":"https:\/\/peakgroupag.com\/de\/unsere-dienstleistungen\/handel-finanzierung\/","title":{"rendered":"Handelsfinanzierung"},"content":{"rendered":"<div data-elementor-type=\"wp-page\" data-elementor-id=\"4103\" class=\"elementor elementor-4103\" data-elementor-post-type=\"page\">\n\t\t\t\t\t\t<section class=\"elementor-section elementor-top-section elementor-element elementor-element-992c793 elementor-reverse-mobile elementor-section-boxed elementor-section-height-default elementor-section-height-default\" data-id=\"992c793\" data-element_type=\"section\" data-e-type=\"section\">\n\t\t\t\t\t\t<div class=\"elementor-container elementor-column-gap-no\">\n\t\t\t\t\t<div class=\"elementor-column elementor-col-50 elementor-top-column elementor-element elementor-element-0a8d82d\" data-id=\"0a8d82d\" data-element_type=\"column\" data-e-type=\"column\">\n\t\t\t<div class=\"elementor-widget-wrap elementor-element-populated\">\n\t\t\t\t\t\t<div class=\"elementor-element elementor-element-647c6fe elementor-nav-menu--indicator-angle elementor-widget elementor-widget-opal-nav-menu\" data-id=\"647c6fe\" data-element_type=\"widget\" data-e-type=\"widget\" data-settings=\"{&quot;layout&quot;:&quot;vertical&quot;}\" data-widget_type=\"opal-nav-menu.default\">\n\t\t\t\t<div class=\"elementor-widget-container\">\n\t\t\t\t\t        <nav data-submenusminwidth=\"50\" data-submenusmaxwidth=\"500\" class=\"elementor-nav-menu--main elementor-nav-menu__container elementor-nav-menu--layout-vertical e--pointer-none\">\n                        <ul id=\"menu-1-647c6fe\" class=\"elementor-nav-menu sm-vertical\"><li class=\"menu-item menu-item-type-post_type menu-item-object-page menu-item-4152\"><a href=\"https:\/\/peakgroupag.com\/de\/unsere-dienstleistungen\/erdol-petroleum\/\" class=\"elementor-item\"><span class=\"menu-title\">Erd\u00f6l und Petroleum<\/span><\/a><\/li>\n<li class=\"menu-item menu-item-type-post_type menu-item-object-page menu-item-4154\"><a href=\"https:\/\/peakgroupag.com\/de\/unsere-dienstleistungen\/handel-finanzierung\/\" class=\"elementor-item\"><span class=\"menu-title\">Handelsfinanzierung<\/span><\/a><\/li>\n<li class=\"menu-item menu-item-type-post_type menu-item-object-page menu-item-4150\"><a href=\"https:\/\/peakgroupag.com\/de\/unsere-dienstleistungen\/bau-immobilie\/\" class=\"elementor-item\"><span class=\"menu-title\">Bauwesen und Immobilien<\/span><\/a><\/li>\n<li class=\"menu-item menu-item-type-post_type menu-item-object-page menu-item-4153\"><a href=\"https:\/\/peakgroupag.com\/de\/unsere-dienstleistungen\/fertigteiltechnologien\/\" class=\"elementor-item\"><span class=\"menu-title\">Vorgefertigte Technologien<\/span><\/a><\/li>\n<li class=\"menu-item menu-item-type-post_type menu-item-object-page menu-item-4149\"><a href=\"https:\/\/peakgroupag.com\/de\/unsere-dienstleistungen\/keramik-naturstein-angebot\/\" class=\"elementor-item\"><span class=\"menu-title\">Keramik- &amp; Natursteinversorgung<\/span><\/a><\/li>\n<li class=\"menu-item menu-item-type-post_type menu-item-object-page menu-item-4151\"><a href=\"https:\/\/peakgroupag.com\/de\/unsere-dienstleistungen\/import-export-recycling\/\" class=\"elementor-item\"><span class=\"menu-title\">Import\/Export &amp; Recycling<\/span><\/a><\/li>\n<\/ul>        <\/nav>\n        \t\t\t\t<\/div>\n\t\t\t\t<\/div>\n\t\t\t\t<section class=\"elementor-section elementor-inner-section elementor-element elementor-element-3394f0b elementor-section-boxed elementor-section-height-default elementor-section-height-default\" data-id=\"3394f0b\" data-element_type=\"section\" data-e-type=\"section\">\n\t\t\t\t\t\t<div class=\"elementor-container elementor-column-gap-no\">\n\t\t\t\t\t<div class=\"elementor-column elementor-col-100 elementor-inner-column elementor-element elementor-element-2dd936f opal-box-clip-sm\" data-id=\"2dd936f\" data-element_type=\"column\" data-e-type=\"column\" data-settings=\"{&quot;background_background&quot;:&quot;classic&quot;}\">\n\t\t\t<div class=\"elementor-widget-wrap elementor-element-populated\">\n\t\t\t\t\t\t<div class=\"elementor-element elementor-element-f9735fc animated-fast elementor-invisible elementor-widget elementor-widget-image\" data-id=\"f9735fc\" data-element_type=\"widget\" data-e-type=\"widget\" data-settings=\"{&quot;_animation&quot;:&quot;opal-move-up&quot;}\" data-widget_type=\"image.default\">\n\t\t\t\t<div class=\"elementor-widget-container\">\n\t\t\t\t\t\t\t\t\t\t\t\t\t\t\t<img fetchpriority=\"high\" decoding=\"async\" width=\"476\" height=\"430\" src=\"https:\/\/peakgroupag.com\/wp-content\/uploads\/2019\/06\/img_about.png\" class=\"attachment-full size-full wp-image-1967\" alt=\"\" srcset=\"https:\/\/peakgroupag.com\/wp-content\/uploads\/2019\/06\/img_about.png 476w, https:\/\/peakgroupag.com\/wp-content\/uploads\/2019\/06\/img_about-300x271.png 300w\" sizes=\"(max-width: 476px) 100vw, 476px\" \/>\t\t\t\t\t\t\t\t\t\t\t\t\t\t\t<\/div>\n\t\t\t\t<\/div>\n\t\t\t\t<div class=\"elementor-element elementor-element-d2f3280 elementor-mobile-align-center animated-fast elementor-align-center elementor-invisible elementor-widget elementor-widget-heading\" data-id=\"d2f3280\" data-element_type=\"widget\" data-e-type=\"widget\" data-settings=\"{&quot;_animation&quot;:&quot;opal-move-up&quot;}\" data-widget_type=\"heading.default\">\n\t\t\t\t<div class=\"elementor-widget-container\">\n\t\t\t\t\t<h2 class=\"elementor-heading-title elementor-size-default\">Download a company<br>\nbrochure<\/h2>\t\t\t\t<\/div>\n\t\t\t\t<\/div>\n\t\t\t\t<div class=\"elementor-element elementor-element-8064b75 elementor-mobile-align-center animated-fast elementor-align-center elementor-button-primary elementor-invisible elementor-widget elementor-widget-button\" data-id=\"8064b75\" data-element_type=\"widget\" data-e-type=\"widget\" data-settings=\"{&quot;_animation&quot;:&quot;opal-move-up&quot;}\" data-widget_type=\"button.default\">\n\t\t\t\t<div class=\"elementor-widget-container\">\n\t\t\t\t\t        <div class=\"elementor-button-wrapper\">\n            <a href=\"#\" class=\"elementor-button-link elementor-button elementor-size-md\" role=\"button\">\n                \t\t<span class=\"elementor-button-content-wrapper\">\n\t\t\t\t\t\t<span class=\"elementor-button-icon\">\n\t\t\t\t\t\t\t\t\t<i class=\"opal-icon-long-arrow-right\" aria-hidden=\"true\"><\/i>\n\t\t\t\t\t\t\t<\/span>\n\t\t\t\t\t\t\t\t\t<span class=\"elementor-button-text\">Get A Copy<\/span>\n\t\t\t\t\t<\/span>\n\t\t            <\/a>\n        <\/div>\n        \t\t\t\t<\/div>\n\t\t\t\t<\/div>\n\t\t\t\t\t<\/div>\n\t\t<\/div>\n\t\t\t\t\t<\/div>\n\t\t<\/section>\n\t\t\t\t<section class=\"elementor-section elementor-inner-section elementor-element elementor-element-36b3d2c elementor-section-boxed elementor-section-height-default elementor-section-height-default\" data-id=\"36b3d2c\" data-element_type=\"section\" data-e-type=\"section\">\n\t\t\t\t\t\t<div class=\"elementor-container elementor-column-gap-no\">\n\t\t\t\t\t<div class=\"elementor-column elementor-col-100 elementor-inner-column elementor-element elementor-element-1c6a8b5 opal-box-clip-sm\" data-id=\"1c6a8b5\" data-element_type=\"column\" data-e-type=\"column\" data-settings=\"{&quot;background_background&quot;:&quot;classic&quot;}\">\n\t\t\t<div class=\"elementor-widget-wrap elementor-element-populated\">\n\t\t\t\t\t\t<div class=\"elementor-element elementor-element-9f3a716 animated-fast elementor-invisible elementor-widget elementor-widget-heading\" data-id=\"9f3a716\" data-element_type=\"widget\" data-e-type=\"widget\" data-settings=\"{&quot;_animation&quot;:&quot;opal-move-up&quot;}\" data-widget_type=\"heading.default\">\n\t\t\t\t<div class=\"elementor-widget-container\">\n\t\t\t\t\t<h2 class=\"elementor-heading-title elementor-size-default\">Haben Sie noch Fragen?<\/h2>\t\t\t\t<\/div>\n\t\t\t\t<\/div>\n\t\t\t\t<div class=\"elementor-element elementor-element-707111e animated-fast elementor-invisible elementor-widget elementor-widget-text-editor\" data-id=\"707111e\" data-element_type=\"widget\" data-e-type=\"widget\" data-settings=\"{&quot;_animation&quot;:&quot;opal-move-up&quot;}\" data-widget_type=\"text-editor.default\">\n\t\t\t\t<div class=\"elementor-widget-container\">\n\t\t\t\t\t        <div class=\"elementor-text-editor elementor-clearfix\"><p>Wenden Sie sich an die n\u00e4chstgelegene Niederlassung oder stellen Sie online eine Gesch\u00e4ftsanfrage<\/p><\/div>\n        \t\t\t\t<\/div>\n\t\t\t\t<\/div>\n\t\t\t\t<div class=\"elementor-element elementor-element-0c6a6fc elementor-mobile-align-center animated-fast elementor-button-light elementor-align-center elementor-invisible elementor-widget elementor-widget-button\" data-id=\"0c6a6fc\" data-element_type=\"widget\" data-e-type=\"widget\" data-settings=\"{&quot;_animation&quot;:&quot;opal-move-up&quot;}\" data-widget_type=\"button.default\">\n\t\t\t\t<div class=\"elementor-widget-container\">\n\t\t\t\t\t        <div class=\"elementor-button-wrapper\">\n            <a href=\"https:\/\/peakgroupag.com\/de\/contact\/\" class=\"elementor-button-link elementor-button elementor-size-md\" role=\"button\">\n                \t\t<span class=\"elementor-button-content-wrapper\">\n\t\t\t\t\t\t<span class=\"elementor-button-icon\">\n\t\t\t\t\t\t\t\t\t<i class=\"opal-icon-long-arrow-right\" aria-hidden=\"true\"><\/i>\n\t\t\t\t\t\t\t<\/span>\n\t\t\t\t\t\t\t\t\t<span class=\"elementor-button-text\">Kontakt<\/span>\n\t\t\t\t\t<\/span>\n\t\t            <\/a>\n        <\/div>\n        \t\t\t\t<\/div>\n\t\t\t\t<\/div>\n\t\t\t\t\t<\/div>\n\t\t<\/div>\n\t\t\t\t\t<\/div>\n\t\t<\/section>\n\t\t\t\t\t<\/div>\n\t\t<\/div>\n\t\t\t\t<div class=\"elementor-column elementor-col-50 elementor-top-column elementor-element elementor-element-12d954d\" data-id=\"12d954d\" data-element_type=\"column\" data-e-type=\"column\">\n\t\t\t<div class=\"elementor-widget-wrap elementor-element-populated\">\n\t\t\t\t\t\t<section class=\"elementor-section elementor-inner-section elementor-element elementor-element-adfc636 elementor-section-boxed elementor-section-height-default elementor-section-height-default\" data-id=\"adfc636\" data-element_type=\"section\" data-e-type=\"section\">\n\t\t\t\t\t\t<div class=\"elementor-container elementor-column-gap-no\">\n\t\t\t\t\t<div class=\"elementor-column elementor-col-100 elementor-inner-column elementor-element elementor-element-3bb2270\" data-id=\"3bb2270\" data-element_type=\"column\" data-e-type=\"column\">\n\t\t\t<div class=\"elementor-widget-wrap elementor-element-populated\">\n\t\t\t\t\t\t<div class=\"elementor-element elementor-element-9b57821 animated-fast img-animated elementor-invisible elementor-widget elementor-widget-image\" data-id=\"9b57821\" data-element_type=\"widget\" data-e-type=\"widget\" data-settings=\"{&quot;_animation&quot;:&quot;opal-move-up&quot;,&quot;_animation_delay&quot;:350}\" data-widget_type=\"image.default\">\n\t\t\t\t<div class=\"elementor-widget-container\">\n\t\t\t\t\t\t\t\t\t\t\t\t\t\t\t<img decoding=\"async\" width=\"810\" height=\"330\" src=\"https:\/\/peakgroupag.com\/wp-content\/uploads\/2025\/04\/financebanner2.webp\" class=\"attachment-full size-full wp-image-4550\" alt=\"\" srcset=\"https:\/\/peakgroupag.com\/wp-content\/uploads\/2025\/04\/financebanner2.webp 810w, https:\/\/peakgroupag.com\/wp-content\/uploads\/2025\/04\/financebanner2-300x122.webp 300w, https:\/\/peakgroupag.com\/wp-content\/uploads\/2025\/04\/financebanner2-768x313.webp 768w, https:\/\/peakgroupag.com\/wp-content\/uploads\/2025\/04\/financebanner2-700x285.webp 700w\" sizes=\"(max-width: 810px) 100vw, 810px\" \/>\t\t\t\t\t\t\t\t\t\t\t\t\t\t\t<\/div>\n\t\t\t\t<\/div>\n\t\t\t\t\t<\/div>\n\t\t<\/div>\n\t\t\t\t\t<\/div>\n\t\t<\/section>\n\t\t\t\t<section class=\"elementor-section elementor-inner-section elementor-element elementor-element-ef4cd69 elementor-section-boxed elementor-section-height-default elementor-section-height-default\" data-id=\"ef4cd69\" data-element_type=\"section\" data-e-type=\"section\">\n\t\t\t\t\t\t<div class=\"elementor-container elementor-column-gap-no\">\n\t\t\t\t\t<div class=\"elementor-column elementor-col-100 elementor-inner-column elementor-element elementor-element-66ceb62\" data-id=\"66ceb62\" data-element_type=\"column\" data-e-type=\"column\">\n\t\t\t<div class=\"elementor-widget-wrap elementor-element-populated\">\n\t\t\t\t\t\t<div class=\"elementor-element elementor-element-369ed17 elementor-tablet-align-center animated-fast elementor-invisible elementor-widget elementor-widget-heading\" data-id=\"369ed17\" data-element_type=\"widget\" data-e-type=\"widget\" data-settings=\"{&quot;_animation&quot;:&quot;opal-move-up&quot;}\" data-widget_type=\"heading.default\">\n\t\t\t\t<div class=\"elementor-widget-container\">\n\t\t\t\t\t<h2 class=\"elementor-heading-title elementor-size-default\">\u00dcbersicht<\/h2>\t\t\t\t<\/div>\n\t\t\t\t<\/div>\n\t\t\t\t<div class=\"elementor-element elementor-element-ff97675 animated-fast elementor-invisible elementor-widget elementor-widget-text-editor\" data-id=\"ff97675\" data-element_type=\"widget\" data-e-type=\"widget\" data-settings=\"{&quot;_animation&quot;:&quot;opal-move-up&quot;}\" data-widget_type=\"text-editor.default\">\n\t\t\t\t<div class=\"elementor-widget-container\">\n\t\t\t\t\t        <div class=\"elementor-text-editor elementor-clearfix\"><p class=\"\" data-start=\"1669\" data-end=\"2034\">Handelsfinanzierungen sind f\u00fcr Unternehmen, die auf dem globalen Markt wachsen wollen, unerl\u00e4sslich. Wir bieten eine Reihe von Finanzierungsl\u00f6sungen an, die sowohl Importeure als auch Exporteure unterst\u00fctzen, darunter zinsg\u00fcnstige Darlehen, Handelsversicherungen und Garantien. Unser Ziel ist es, Unternehmen dabei zu helfen, finanzielle Risiken zu mindern und reibungslose und profitable Transaktionen im internationalen Handel zu gew\u00e4hrleisten.<\/p><p class=\"\" data-start=\"2036\" data-end=\"2326\">Mit unseren Handelsfinanzierungsl\u00f6sungen stellen wir sicher, dass Unternehmen die notwendigen Finanzmittel, Versicherungen und Garantien erhalten, um ohne finanzielle Einschr\u00e4nkungen weltweit t\u00e4tig zu sein. Wir arbeiten eng mit unseren Kunden zusammen, um ihre spezifischen Bed\u00fcrfnisse zu verstehen und ma\u00dfgeschneiderte L\u00f6sungen anzubieten.<\/p><\/div>\n        \t\t\t\t<\/div>\n\t\t\t\t<\/div>\n\t\t\t\t\t<\/div>\n\t\t<\/div>\n\t\t\t\t\t<\/div>\n\t\t<\/section>\n\t\t\t\t<section class=\"elementor-section elementor-inner-section elementor-element elementor-element-383785e elementor-section-boxed elementor-section-height-default elementor-section-height-default\" data-id=\"383785e\" data-element_type=\"section\" data-e-type=\"section\">\n\t\t\t\t\t\t<div class=\"elementor-container elementor-column-gap-no\">\n\t\t\t\t\t<div class=\"elementor-column elementor-col-50 elementor-inner-column elementor-element elementor-element-f300966\" data-id=\"f300966\" data-element_type=\"column\" data-e-type=\"column\">\n\t\t\t<div class=\"elementor-widget-wrap elementor-element-populated\">\n\t\t\t\t\t\t<div class=\"elementor-element elementor-element-0a6aef8 animated-fast elementor-view-default elementor-position-top elementor-vertical-align-top elementor-invisible elementor-widget elementor-widget-icon-box\" data-id=\"0a6aef8\" data-element_type=\"widget\" data-e-type=\"widget\" data-settings=\"{&quot;_animation&quot;:&quot;opal-move-up&quot;,&quot;_animation_delay&quot;:0}\" data-widget_type=\"icon-box.default\">\n\t\t\t\t<div class=\"elementor-widget-container\">\n\t\t\t\t\t        <div class=\"elementor-icon-box-wrapper\">\n                            <div class=\"elementor-icon-box-icon\">\n                <span class=\"elementor-icon elementor-animation-\" >\n                <i class=\"opal-icon-money-bill-wave\" aria-hidden=\"true\"><\/i>\n                <\/span>\n                <\/div>\n                        <div class=\"elementor-icon-box-content\">\n            <h5 class=\"elementor-icon-box-subtitle\"><\/h5>\n            <h3 class=\"elementor-icon-box-title\">\n            <span >Flexible Finanzierungsm\u00f6glichkeiten<\/span>\n            <\/h3>\n            <p class=\"elementor-icon-box-description\">Wir bieten ma\u00dfgeschneiderte Finanzl\u00f6sungen, einschlie\u00dflich Darlehen und Zahlungspl\u00e4ne zur Unterst\u00fctzung internationaler Handelsgesch\u00e4fte.<\/p>\n            <\/div>\n        <\/div>\n        \t\t\t\t<\/div>\n\t\t\t\t<\/div>\n\t\t\t\t\t<\/div>\n\t\t<\/div>\n\t\t\t\t<div class=\"elementor-column elementor-col-50 elementor-inner-column elementor-element elementor-element-7110811\" data-id=\"7110811\" data-element_type=\"column\" data-e-type=\"column\">\n\t\t\t<div class=\"elementor-widget-wrap elementor-element-populated\">\n\t\t\t\t\t\t<div class=\"elementor-element elementor-element-66a1d23 animated-fast elementor-view-default elementor-position-top elementor-vertical-align-top elementor-invisible elementor-widget elementor-widget-icon-box\" data-id=\"66a1d23\" data-element_type=\"widget\" data-e-type=\"widget\" data-settings=\"{&quot;_animation&quot;:&quot;opal-move-up&quot;,&quot;_animation_delay&quot;:150}\" data-widget_type=\"icon-box.default\">\n\t\t\t\t<div class=\"elementor-widget-container\">\n\t\t\t\t\t        <div class=\"elementor-icon-box-wrapper\">\n                            <div class=\"elementor-icon-box-icon\">\n                <span class=\"elementor-icon elementor-animation-\" >\n                <i class=\"opal-icon-quality\" aria-hidden=\"true\"><\/i>\n                <\/span>\n                <\/div>\n                        <div class=\"elementor-icon-box-content\">\n            <h5 class=\"elementor-icon-box-subtitle\"><\/h5>\n            <h3 class=\"elementor-icon-box-title\">\n            <span >Risikomanagement<\/span>\n            <\/h3>\n            <p class=\"elementor-icon-box-description\">Unsere Dienstleistungen umfassen Risikomanagementl\u00f6sungen wie Handelsversicherungen und Garantien, um potenzielle handelsbezogene Risiken zu minimieren.<\/p>\n            <\/div>\n        <\/div>\n        \t\t\t\t<\/div>\n\t\t\t\t<\/div>\n\t\t\t\t\t<\/div>\n\t\t<\/div>\n\t\t\t\t\t<\/div>\n\t\t<\/section>\n\t\t\t\t<section class=\"elementor-section elementor-inner-section elementor-element elementor-element-abe91d7 elementor-section-boxed elementor-section-height-default elementor-section-height-default\" data-id=\"abe91d7\" data-element_type=\"section\" data-e-type=\"section\">\n\t\t\t\t\t\t<div class=\"elementor-container elementor-column-gap-no\">\n\t\t\t\t\t<div class=\"elementor-column elementor-col-100 elementor-inner-column elementor-element elementor-element-04033d9\" data-id=\"04033d9\" data-element_type=\"column\" data-e-type=\"column\">\n\t\t\t<div class=\"elementor-widget-wrap elementor-element-populated\">\n\t\t\t\t\t\t<div class=\"elementor-element elementor-element-dcb546e animated-fast elementor-widget-divider--view-line elementor-invisible elementor-widget elementor-widget-divider\" data-id=\"dcb546e\" data-element_type=\"widget\" data-e-type=\"widget\" data-settings=\"{&quot;_animation&quot;:&quot;opal-move-up&quot;}\" data-widget_type=\"divider.default\">\n\t\t\t\t<div class=\"elementor-widget-container\">\n\t\t\t\t\t\t\t<div class=\"elementor-divider\">\n\t\t\t<span class=\"elementor-divider-separator\">\n\t\t\t\t\t\t<\/span>\n\t\t<\/div>\n\t\t\t\t\t\t<\/div>\n\t\t\t\t<\/div>\n\t\t\t\t<div class=\"elementor-element elementor-element-555da3a elementor-tablet-align-center animated-fast elementor-invisible elementor-widget elementor-widget-heading\" data-id=\"555da3a\" data-element_type=\"widget\" data-e-type=\"widget\" data-settings=\"{&quot;_animation&quot;:&quot;opal-move-up&quot;}\" data-widget_type=\"heading.default\">\n\t\t\t\t<div class=\"elementor-widget-container\">\n\t\t\t\t\t<h2 class=\"elementor-heading-title elementor-size-default\">Vorteile<\/h2>\t\t\t\t<\/div>\n\t\t\t\t<\/div>\n\t\t\t\t\t<\/div>\n\t\t<\/div>\n\t\t\t\t\t<\/div>\n\t\t<\/section>\n\t\t\t\t<section class=\"elementor-section elementor-inner-section elementor-element elementor-element-68b4213 elementor-section-boxed elementor-section-height-default elementor-section-height-default\" data-id=\"68b4213\" data-element_type=\"section\" data-e-type=\"section\">\n\t\t\t\t\t\t<div class=\"elementor-container elementor-column-gap-no\">\n\t\t\t\t\t<div class=\"elementor-column elementor-col-100 elementor-inner-column elementor-element elementor-element-ee1fdda\" data-id=\"ee1fdda\" data-element_type=\"column\" data-e-type=\"column\">\n\t\t\t<div class=\"elementor-widget-wrap elementor-element-populated\">\n\t\t\t\t\t\t<div class=\"elementor-element elementor-element-c442748 animated-fast elementor-invisible elementor-widget elementor-widget-icon-list\" data-id=\"c442748\" data-element_type=\"widget\" data-e-type=\"widget\" data-settings=\"{&quot;_animation&quot;:&quot;opal-move-up&quot;,&quot;_animation_delay&quot;:0}\" data-widget_type=\"icon-list.default\">\n\t\t\t\t<div class=\"elementor-widget-container\">\n\t\t\t\t\t        <ul class=\"elementor-icon-list-items\">\n                            <li class=\"elementor-icon-list-item\" >\n                                            <span class=\"elementor-icon-list-icon\">\n\t\t\t\t\t\t\t<i class=\"fa fa-check\" aria-hidden=\"true\"><\/i>\n\t\t\t\t\t\t<\/span>\n                                        <span class=\"elementor-icon-list-text\">Finanzielle Unterst\u00fctzung durch Experten<\/span>\n                                    <\/li>\n                            <li class=\"elementor-icon-list-item\" >\n                                            <span class=\"elementor-icon-list-icon\">\n\t\t\t\t\t\t\t<i class=\"fa fa-check\" aria-hidden=\"true\"><\/i>\n\t\t\t\t\t\t<\/span>\n                                        <span class=\"elementor-icon-list-text\">Schnelle Bearbeitung und wettbewerbsf\u00e4hige Preise<\/span>\n                                    <\/li>\n                            <li class=\"elementor-icon-list-item\" >\n                                            <span class=\"elementor-icon-list-icon\">\n\t\t\t\t\t\t\t<i class=\"fa fa-check\" aria-hidden=\"true\"><\/i>\n\t\t\t\t\t\t<\/span>\n                                        <span class=\"elementor-icon-list-text\">Sichere Finanzierung f\u00fcr den internationalen Handel<\/span>\n                                    <\/li>\n                            <li class=\"elementor-icon-list-item\" >\n                                            <span class=\"elementor-icon-list-icon\">\n\t\t\t\t\t\t\t<i class=\"fa fa-check\" aria-hidden=\"true\"><\/i>\n\t\t\t\t\t\t<\/span>\n                                        <span class=\"elementor-icon-list-text\">Minimierung des finanziellen Risikos durch umfassende Unterst\u00fctzung<\/span>\n                                    <\/li>\n                            <li class=\"elementor-icon-list-item\" >\n                                            <span class=\"elementor-icon-list-icon\">\n\t\t\t\t\t\t\t<i class=\"fa fa-check\" aria-hidden=\"true\"><\/i>\n\t\t\t\t\t\t<\/span>\n                                        <span class=\"elementor-icon-list-text\">Ma\u00dfgeschneiderte L\u00f6sungen f\u00fcr unterschiedliche Gesch\u00e4ftsanforderungen<\/span>\n                                    <\/li>\n                    <\/ul>\n        \t\t\t\t<\/div>\n\t\t\t\t<\/div>\n\t\t\t\t\t<\/div>\n\t\t<\/div>\n\t\t\t\t\t<\/div>\n\t\t<\/section>\n\t\t\t\t\t<\/div>\n\t\t<\/div>\n\t\t\t\t\t<\/div>\n\t\t<\/section>\n\t\t\t\t<\/div>","protected":false},"excerpt":{"rendered":"<p>Download a company brochure Get A Copy Do you have any questions? Contact us at the office nearest to you or submit a business inquiry online Contact Us Overview Trade financing is essential for businesses seeking to grow in the global marketplace. We offer a range of financing solutions designed to support both importers and &hellip; <\/p>\n<p class=\"link-more\"><a href=\"https:\/\/peakgroupag.com\/de\/unsere-dienstleistungen\/handel-finanzierung\/\" class=\"more-link\">Mehr lesen <i class=\"opal-icon-long-arrow-right\"><\/i><span class=\"screen-reader-text\"> &#8220;Trade Finance&#8221;<\/span><\/a><\/p>","protected":false},"author":1,"featured_media":0,"parent":2548,"menu_order":0,"comment_status":"closed","ping_status":"closed","template":"page-elementor.php","meta":{"footnotes":""},"class_list":["post-4103","page","type-page","status-publish","hentry"],"_links":{"self":[{"href":"https:\/\/peakgroupag.com\/de\/wp-json\/wp\/v2\/pages\/4103","targetHints":{"allow":["GET"]}}],"collection":[{"href":"https:\/\/peakgroupag.com\/de\/wp-json\/wp\/v2\/pages"}],"about":[{"href":"https:\/\/peakgroupag.com\/de\/wp-json\/wp\/v2\/types\/page"}],"author":[{"embeddable":true,"href":"https:\/\/peakgroupag.com\/de\/wp-json\/wp\/v2\/users\/1"}],"replies":[{"embeddable":true,"href":"https:\/\/peakgroupag.com\/de\/wp-json\/wp\/v2\/comments?post=4103"}],"version-history":[{"count":29,"href":"https:\/\/peakgroupag.com\/de\/wp-json\/wp\/v2\/pages\/4103\/revisions"}],"predecessor-version":[{"id":4553,"href":"https:\/\/peakgroupag.com\/de\/wp-json\/wp\/v2\/pages\/4103\/revisions\/4553"}],"up":[{"embeddable":true,"href":"https:\/\/peakgroupag.com\/de\/wp-json\/wp\/v2\/pages\/2548"}],"wp:attachment":[{"href":"https:\/\/peakgroupag.com\/de\/wp-json\/wp\/v2\/media?parent=4103"}],"curies":[{"name":"wp","href":"https:\/\/api.w.org\/{rel}","templated":true}]}}