{"id":2713,"date":"2019-06-11T10:08:42","date_gmt":"2019-06-11T10:08:42","guid":{"rendered":"http:\/\/source.wpopal.com\/konstruktic\/?page_id=2713"},"modified":"2025-04-18T11:41:25","modified_gmt":"2025-04-18T11:41:25","slug":"our-history","status":"publish","type":"page","link":"https:\/\/peakgroupag.com\/fr\/our-history\/","title":{"rendered":"Our History"},"content":{"rendered":"<div data-elementor-type=\"wp-post\" data-elementor-id=\"2713\" class=\"elementor elementor-2713\" data-elementor-post-type=\"page\">\n\t\t\t\t\t\t<section class=\"elementor-section elementor-top-section elementor-element elementor-element-0165e3d elementor-section-boxed elementor-section-height-default elementor-section-height-default\" data-id=\"0165e3d\" data-element_type=\"section\" data-e-type=\"section\">\n\t\t\t\t\t\t<div class=\"elementor-container elementor-column-gap-no\">\n\t\t\t\t\t<div class=\"elementor-column elementor-col-33 elementor-top-column elementor-element elementor-element-3ba0900\" data-id=\"3ba0900\" data-element_type=\"column\" data-e-type=\"column\">\n\t\t\t<div class=\"elementor-widget-wrap\">\n\t\t\t\t\t\t\t<\/div>\n\t\t<\/div>\n\t\t\t\t<div class=\"elementor-column elementor-col-33 elementor-top-column elementor-element elementor-element-6f8fecc\" data-id=\"6f8fecc\" data-element_type=\"column\" data-e-type=\"column\">\n\t\t\t<div class=\"elementor-widget-wrap elementor-element-populated\">\n\t\t\t\t\t\t<div class=\"elementor-element elementor-element-9998b14 elementor-align-center elementor-invisible elementor-widget elementor-widget-heading\" data-id=\"9998b14\" data-element_type=\"widget\" data-e-type=\"widget\" data-settings=\"{&quot;_animation&quot;:&quot;fadeInUp&quot;}\" data-widget_type=\"heading.default\">\n\t\t\t\t<div class=\"elementor-widget-container\">\n\t\t\t\t\t<h2 class=\"elementor-heading-title elementor-size-default\">Building the future, restoring\nthe past.<\/h2>\t\t\t\t<\/div>\n\t\t\t\t<\/div>\n\t\t\t\t<div class=\"elementor-element elementor-element-5fa8348 elementor-invisible elementor-widget elementor-widget-text-editor\" data-id=\"5fa8348\" data-element_type=\"widget\" data-e-type=\"widget\" data-settings=\"{&quot;_animation&quot;:&quot;fadeInUp&quot;}\" data-widget_type=\"text-editor.default\">\n\t\t\t\t<div class=\"elementor-widget-container\">\n\t\t\t\t\t        <div class=\"elementor-text-editor elementor-clearfix\"><p>We remain true to the same principles on which our company was founded over a hundred years ago: providing superior service to our clients, putting safety first, creating opportunities for our people, delivering exceptional work.<\/p><\/div>\n        \t\t\t\t<\/div>\n\t\t\t\t<\/div>\n\t\t\t\t\t<\/div>\n\t\t<\/div>\n\t\t\t\t<div class=\"elementor-column elementor-col-33 elementor-top-column elementor-element elementor-element-20ad6ff\" data-id=\"20ad6ff\" data-element_type=\"column\" data-e-type=\"column\">\n\t\t\t<div class=\"elementor-widget-wrap\">\n\t\t\t\t\t\t\t<\/div>\n\t\t<\/div>\n\t\t\t\t\t<\/div>\n\t\t<\/section>\n\t\t\t\t<section class=\"elementor-section elementor-top-section elementor-element elementor-element-51b3a9e elementor-section-boxed elementor-section-height-default elementor-section-height-default elementor-invisible\" data-id=\"51b3a9e\" data-element_type=\"section\" data-e-type=\"section\" data-settings=\"{&quot;animation&quot;:&quot;fadeInUp&quot;}\">\n\t\t\t\t\t\t<div class=\"elementor-container elementor-column-gap-default\">\n\t\t\t\t\t<div class=\"elementor-column elementor-col-100 elementor-top-column elementor-element elementor-element-a719fb9\" data-id=\"a719fb9\" data-element_type=\"column\" data-e-type=\"column\">\n\t\t\t<div class=\"elementor-widget-wrap elementor-element-populated\">\n\t\t\t\t\t\t<div class=\"elementor-element elementor-element-f00e32c elementor-timeline-view-vertical elementor-button-primary elementor-widget elementor-widget-opal-timeline\" data-id=\"f00e32c\" data-element_type=\"widget\" data-e-type=\"widget\" data-settings=\"{&quot;_animation&quot;:&quot;none&quot;}\" data-widget_type=\"opal-timeline.default\">\n\t\t\t\t<div class=\"elementor-widget-container\">\n\t\t\t\t\t\n        <div class=\"opal-timeline-wrapper\" data-timeline-count=\"4\">\n            <div class=\"opal-timeline\" >\n                \n                    <div class=\"timeline-item column-item timeline-item-0\">\n\n                                                    <div class=\"timeline-thumbnail timeline-animation\" data-timeline-animation=\" \">\n                                <div class=\"timeline-number-wap\">\n                                    <div class=\"timeline-number\">\n                                        <span>Expertise mondiale, vision locale<\/span>\n                                    <\/div>\n                                <\/div>\n                                <img decoding=\"async\" src=\"\" class=\"timeline-image d-block\"\n                                     alt=\"\">\n                            <\/div>\n                        \n                        <div class=\"timeline-content timeline-animation\" data-timeline-animation=\" \">\n                            \n                                                            <div class=\"content\">\n                                    <p class=\"\" data-start=\"527\" data-end=\"684\">Nous combinons une connaissance approfondie des march\u00e9s internationaux avec une forte compr\u00e9hension des r\u00e9glementations et des pratiques locales, ce qui vous permet de naviguer facilement dans la complexit\u00e9.<\/p>                                <\/div>\n                            \n                            \n                        <\/div>\n\n                    <\/div>\n                \n                    <div class=\"timeline-item column-item timeline-item-1\">\n\n                                                    <div class=\"timeline-thumbnail timeline-animation\" data-timeline-animation=\" \">\n                                <div class=\"timeline-number-wap\">\n                                    <div class=\"timeline-number\">\n                                        <span>Op\u00e9rations fiables et transparentes<\/span>\n                                    <\/div>\n                                <\/div>\n                                <img decoding=\"async\" src=\"\" class=\"timeline-image d-block\"\n                                     alt=\"\">\n                            <\/div>\n                        \n                        <div class=\"timeline-content timeline-animation\" data-timeline-animation=\" \">\n                            \n                                                            <div class=\"content\">\n                                    <p class=\"\" data-start=\"731\" data-end=\"885\">La confiance repose sur la transparence. De la premi\u00e8re demande \u00e0 la livraison finale, nous assurons une communication claire, une conduite \u00e9thique et une responsabilit\u00e9 totale.<\/p>                                <\/div>\n                            \n                            \n                        <\/div>\n\n                    <\/div>\n                \n                    <div class=\"timeline-item column-item timeline-item-2\">\n\n                                                    <div class=\"timeline-thumbnail timeline-animation\" data-timeline-animation=\" \">\n                                <div class=\"timeline-number-wap\">\n                                    <div class=\"timeline-number\">\n                                        <span>Des solutions sur mesure, des r\u00e9sultats prouv\u00e9s<\/span>\n                                    <\/div>\n                                <\/div>\n                                <img decoding=\"async\" src=\"\" class=\"timeline-image d-block\"\n                                     alt=\"\">\n                            <\/div>\n                        \n                        <div class=\"timeline-content timeline-animation\" data-timeline-animation=\" \">\n                            \n                                                            <div class=\"content\">\n                                    <p class=\"\" data-start=\"933\" data-end=\"1098\">Il n'y a pas deux projets identiques. C'est pourquoi nous proposons des services flexibles, ax\u00e9s sur le client, qui s'adaptent \u00e0 vos besoins et qui s'appuient sur une exp\u00e9rience \u00e9prouv\u00e9e dans de nombreux secteurs d'activit\u00e9.<\/p>                                <\/div>\n                            \n                            \n                        <\/div>\n\n                    <\/div>\n                \n                    <div class=\"timeline-item column-item timeline-item-3\">\n\n                                                    <div class=\"timeline-thumbnail timeline-animation\" data-timeline-animation=\" \">\n                                <div class=\"timeline-number-wap\">\n                                    <div class=\"timeline-number\">\n                                        <span>Approche durable et pr\u00eate \u00e0 l'emploi<\/span>\n                                    <\/div>\n                                <\/div>\n                                <img decoding=\"async\" src=\"\" class=\"timeline-image d-block\"\n                                     alt=\"\">\n                            <\/div>\n                        \n                        <div class=\"timeline-content timeline-animation\" data-timeline-animation=\" \">\n                            \n                                                            <div class=\"content\">\n                                    <p class=\"\" data-start=\"1147\" data-end=\"1301\">Qu'il s'agisse d'approvisionnement respectueux de l'environnement ou de technologies de construction innovantes, nous donnons la priorit\u00e9 \u00e0 l'impact \u00e0 long terme plut\u00f4t qu'aux gains \u00e0 court terme. Votre croissance est notre mission.<\/p>                                <\/div>\n                            \n                            \n                        <\/div>\n\n                    <\/div>\n                                <span class=\"timeline-line\"><\/span>\n            <\/div>\n        <\/div>\n\n        \t\t\t\t<\/div>\n\t\t\t\t<\/div>\n\t\t\t\t\t<\/div>\n\t\t<\/div>\n\t\t\t\t\t<\/div>\n\t\t<\/section>\n\t\t\t\t<\/div>","protected":false},"excerpt":{"rendered":"<p>Building the future, restoring the past. We remain true to the same principles on which our company was founded over a hundred years ago: providing superior service to our clients, putting safety first, creating opportunities for our people, delivering exceptional work. Global Expertise, Local Insight We combine deep knowledge of international markets with a strong &hellip; <\/p>\n<p class=\"link-more\"><a href=\"https:\/\/peakgroupag.com\/fr\/our-history\/\" class=\"more-link\">Lire la suite <i class=\"opal-icon-long-arrow-right\"><\/i><span class=\"screen-reader-text\"> &#8220;Our History&#8221;<\/span><\/a><\/p>","protected":false},"author":1,"featured_media":0,"parent":0,"menu_order":0,"comment_status":"closed","ping_status":"closed","template":"page-elementor.php","meta":{"footnotes":""},"class_list":["post-2713","page","type-page","status-publish","hentry"],"_links":{"self":[{"href":"https:\/\/peakgroupag.com\/fr\/wp-json\/wp\/v2\/pages\/2713","targetHints":{"allow":["GET"]}}],"collection":[{"href":"https:\/\/peakgroupag.com\/fr\/wp-json\/wp\/v2\/pages"}],"about":[{"href":"https:\/\/peakgroupag.com\/fr\/wp-json\/wp\/v2\/types\/page"}],"author":[{"embeddable":true,"href":"https:\/\/peakgroupag.com\/fr\/wp-json\/wp\/v2\/users\/1"}],"replies":[{"embeddable":true,"href":"https:\/\/peakgroupag.com\/fr\/wp-json\/wp\/v2\/comments?post=2713"}],"version-history":[{"count":9,"href":"https:\/\/peakgroupag.com\/fr\/wp-json\/wp\/v2\/pages\/2713\/revisions"}],"predecessor-version":[{"id":4323,"href":"https:\/\/peakgroupag.com\/fr\/wp-json\/wp\/v2\/pages\/2713\/revisions\/4323"}],"wp:attachment":[{"href":"https:\/\/peakgroupag.com\/fr\/wp-json\/wp\/v2\/media?parent=2713"}],"curies":[{"name":"wp","href":"https:\/\/api.w.org\/{rel}","templated":true}]}}