{"id":4103,"date":"2025-04-17T14:04:53","date_gmt":"2025-04-17T14:04:53","guid":{"rendered":"https:\/\/peakgroupag.com\/?page_id=4103"},"modified":"2025-04-21T15:37:07","modified_gmt":"2025-04-21T15:37:07","slug":"commerce-finance","status":"publish","type":"page","link":"https:\/\/peakgroupag.com\/fr\/nos-services\/commerce-finance\/","title":{"rendered":"Financement du commerce"},"content":{"rendered":"<div data-elementor-type=\"wp-page\" data-elementor-id=\"4103\" class=\"elementor elementor-4103\" data-elementor-post-type=\"page\">\n\t\t\t\t\t\t<section class=\"elementor-section elementor-top-section elementor-element elementor-element-992c793 elementor-reverse-mobile elementor-section-boxed elementor-section-height-default elementor-section-height-default\" data-id=\"992c793\" data-element_type=\"section\" data-e-type=\"section\">\n\t\t\t\t\t\t<div class=\"elementor-container elementor-column-gap-no\">\n\t\t\t\t\t<div class=\"elementor-column elementor-col-50 elementor-top-column elementor-element elementor-element-0a8d82d\" data-id=\"0a8d82d\" data-element_type=\"column\" data-e-type=\"column\">\n\t\t\t<div class=\"elementor-widget-wrap elementor-element-populated\">\n\t\t\t\t\t\t<div class=\"elementor-element elementor-element-647c6fe elementor-nav-menu--indicator-angle elementor-widget elementor-widget-opal-nav-menu\" data-id=\"647c6fe\" data-element_type=\"widget\" data-e-type=\"widget\" data-settings=\"{&quot;layout&quot;:&quot;vertical&quot;}\" data-widget_type=\"opal-nav-menu.default\">\n\t\t\t\t<div class=\"elementor-widget-container\">\n\t\t\t\t\t        <nav data-submenusminwidth=\"50\" data-submenusmaxwidth=\"500\" class=\"elementor-nav-menu--main elementor-nav-menu__container elementor-nav-menu--layout-vertical e--pointer-none\">\n                        <ul id=\"menu-1-647c6fe\" class=\"elementor-nav-menu sm-vertical\"><li class=\"menu-item menu-item-type-post_type menu-item-object-page menu-item-4152\"><a href=\"https:\/\/peakgroupag.com\/fr\/nos-services\/petrole\/\" class=\"elementor-item\"><span class=\"menu-title\">P\u00e9trole<\/span><\/a><\/li>\n<li class=\"menu-item menu-item-type-post_type menu-item-object-page menu-item-4154\"><a href=\"https:\/\/peakgroupag.com\/fr\/nos-services\/commerce-finance\/\" class=\"elementor-item\"><span class=\"menu-title\">Financement du commerce<\/span><\/a><\/li>\n<li class=\"menu-item menu-item-type-post_type menu-item-object-page menu-item-4150\"><a href=\"https:\/\/peakgroupag.com\/fr\/nos-services\/construction-immobilier\/\" class=\"elementor-item\"><span class=\"menu-title\">Construction &amp; Immobilier<\/span><\/a><\/li>\n<li class=\"menu-item menu-item-type-post_type menu-item-object-page menu-item-4153\"><a href=\"https:\/\/peakgroupag.com\/fr\/nos-services\/technologies-prefabriquees\/\" class=\"elementor-item\"><span class=\"menu-title\">Technologies pr\u00e9fabriqu\u00e9es<\/span><\/a><\/li>\n<li class=\"menu-item menu-item-type-post_type menu-item-object-page menu-item-4149\"><a href=\"https:\/\/peakgroupag.com\/fr\/nos-services\/fourniture-de-pierres-naturelles-ceramiques\/\" class=\"elementor-item\"><span class=\"menu-title\">C\u00e9ramique et en Pierre Naturelle<\/span><\/a><\/li>\n<li class=\"menu-item menu-item-type-post_type menu-item-object-page menu-item-4151\"><a href=\"https:\/\/peakgroupag.com\/fr\/nos-services\/import-export-recyclage\/\" class=\"elementor-item\"><span class=\"menu-title\">Import\/Export et recyclage<\/span><\/a><\/li>\n<\/ul>        <\/nav>\n        \t\t\t\t<\/div>\n\t\t\t\t<\/div>\n\t\t\t\t<section class=\"elementor-section elementor-inner-section elementor-element elementor-element-3394f0b elementor-section-boxed elementor-section-height-default elementor-section-height-default\" data-id=\"3394f0b\" data-element_type=\"section\" data-e-type=\"section\">\n\t\t\t\t\t\t<div class=\"elementor-container elementor-column-gap-no\">\n\t\t\t\t\t<div class=\"elementor-column elementor-col-100 elementor-inner-column elementor-element elementor-element-2dd936f opal-box-clip-sm\" data-id=\"2dd936f\" data-element_type=\"column\" data-e-type=\"column\" data-settings=\"{&quot;background_background&quot;:&quot;classic&quot;}\">\n\t\t\t<div class=\"elementor-widget-wrap elementor-element-populated\">\n\t\t\t\t\t\t<div class=\"elementor-element elementor-element-f9735fc animated-fast elementor-invisible elementor-widget elementor-widget-image\" data-id=\"f9735fc\" data-element_type=\"widget\" data-e-type=\"widget\" data-settings=\"{&quot;_animation&quot;:&quot;opal-move-up&quot;}\" data-widget_type=\"image.default\">\n\t\t\t\t<div class=\"elementor-widget-container\">\n\t\t\t\t\t\t\t\t\t\t\t\t\t\t\t<img fetchpriority=\"high\" decoding=\"async\" width=\"476\" height=\"430\" src=\"https:\/\/peakgroupag.com\/wp-content\/uploads\/2019\/06\/img_about.png\" class=\"attachment-full size-full wp-image-1967\" alt=\"\" srcset=\"https:\/\/peakgroupag.com\/wp-content\/uploads\/2019\/06\/img_about.png 476w, https:\/\/peakgroupag.com\/wp-content\/uploads\/2019\/06\/img_about-300x271.png 300w\" sizes=\"(max-width: 476px) 100vw, 476px\" \/>\t\t\t\t\t\t\t\t\t\t\t\t\t\t\t<\/div>\n\t\t\t\t<\/div>\n\t\t\t\t<div class=\"elementor-element elementor-element-d2f3280 elementor-mobile-align-center animated-fast elementor-align-center elementor-invisible elementor-widget elementor-widget-heading\" data-id=\"d2f3280\" data-element_type=\"widget\" data-e-type=\"widget\" data-settings=\"{&quot;_animation&quot;:&quot;opal-move-up&quot;}\" data-widget_type=\"heading.default\">\n\t\t\t\t<div class=\"elementor-widget-container\">\n\t\t\t\t\t<h2 class=\"elementor-heading-title elementor-size-default\">Download a company<br>\nbrochure<\/h2>\t\t\t\t<\/div>\n\t\t\t\t<\/div>\n\t\t\t\t<div class=\"elementor-element elementor-element-8064b75 elementor-mobile-align-center animated-fast elementor-align-center elementor-button-primary elementor-invisible elementor-widget elementor-widget-button\" data-id=\"8064b75\" data-element_type=\"widget\" data-e-type=\"widget\" data-settings=\"{&quot;_animation&quot;:&quot;opal-move-up&quot;}\" data-widget_type=\"button.default\">\n\t\t\t\t<div class=\"elementor-widget-container\">\n\t\t\t\t\t        <div class=\"elementor-button-wrapper\">\n            <a href=\"#\" class=\"elementor-button-link elementor-button elementor-size-md\" role=\"button\">\n                \t\t<span class=\"elementor-button-content-wrapper\">\n\t\t\t\t\t\t<span class=\"elementor-button-icon\">\n\t\t\t\t\t\t\t\t\t<i class=\"opal-icon-long-arrow-right\" aria-hidden=\"true\"><\/i>\n\t\t\t\t\t\t\t<\/span>\n\t\t\t\t\t\t\t\t\t<span class=\"elementor-button-text\">Get A Copy<\/span>\n\t\t\t\t\t<\/span>\n\t\t            <\/a>\n        <\/div>\n        \t\t\t\t<\/div>\n\t\t\t\t<\/div>\n\t\t\t\t\t<\/div>\n\t\t<\/div>\n\t\t\t\t\t<\/div>\n\t\t<\/section>\n\t\t\t\t<section class=\"elementor-section elementor-inner-section elementor-element elementor-element-36b3d2c elementor-section-boxed elementor-section-height-default elementor-section-height-default\" data-id=\"36b3d2c\" data-element_type=\"section\" data-e-type=\"section\">\n\t\t\t\t\t\t<div class=\"elementor-container elementor-column-gap-no\">\n\t\t\t\t\t<div class=\"elementor-column elementor-col-100 elementor-inner-column elementor-element elementor-element-1c6a8b5 opal-box-clip-sm\" data-id=\"1c6a8b5\" data-element_type=\"column\" data-e-type=\"column\" data-settings=\"{&quot;background_background&quot;:&quot;classic&quot;}\">\n\t\t\t<div class=\"elementor-widget-wrap elementor-element-populated\">\n\t\t\t\t\t\t<div class=\"elementor-element elementor-element-9f3a716 animated-fast elementor-invisible elementor-widget elementor-widget-heading\" data-id=\"9f3a716\" data-element_type=\"widget\" data-e-type=\"widget\" data-settings=\"{&quot;_animation&quot;:&quot;opal-move-up&quot;}\" data-widget_type=\"heading.default\">\n\t\t\t\t<div class=\"elementor-widget-container\">\n\t\t\t\t\t<h2 class=\"elementor-heading-title elementor-size-default\">Avez-vous des questions ?<\/h2>\t\t\t\t<\/div>\n\t\t\t\t<\/div>\n\t\t\t\t<div class=\"elementor-element elementor-element-707111e animated-fast elementor-invisible elementor-widget elementor-widget-text-editor\" data-id=\"707111e\" data-element_type=\"widget\" data-e-type=\"widget\" data-settings=\"{&quot;_animation&quot;:&quot;opal-move-up&quot;}\" data-widget_type=\"text-editor.default\">\n\t\t\t\t<div class=\"elementor-widget-container\">\n\t\t\t\t\t        <div class=\"elementor-text-editor elementor-clearfix\"><p>Contactez-nous au bureau le plus proche de chez vous ou soumettez une demande d'information en ligne.<\/p><\/div>\n        \t\t\t\t<\/div>\n\t\t\t\t<\/div>\n\t\t\t\t<div class=\"elementor-element elementor-element-0c6a6fc elementor-mobile-align-center animated-fast elementor-button-light elementor-align-center elementor-invisible elementor-widget elementor-widget-button\" data-id=\"0c6a6fc\" data-element_type=\"widget\" data-e-type=\"widget\" data-settings=\"{&quot;_animation&quot;:&quot;opal-move-up&quot;}\" data-widget_type=\"button.default\">\n\t\t\t\t<div class=\"elementor-widget-container\">\n\t\t\t\t\t        <div class=\"elementor-button-wrapper\">\n            <a href=\"https:\/\/peakgroupag.com\/fr\/contact\/\" class=\"elementor-button-link elementor-button elementor-size-md\" role=\"button\">\n                \t\t<span class=\"elementor-button-content-wrapper\">\n\t\t\t\t\t\t<span class=\"elementor-button-icon\">\n\t\t\t\t\t\t\t\t\t<i class=\"opal-icon-long-arrow-right\" aria-hidden=\"true\"><\/i>\n\t\t\t\t\t\t\t<\/span>\n\t\t\t\t\t\t\t\t\t<span class=\"elementor-button-text\">Contact<\/span>\n\t\t\t\t\t<\/span>\n\t\t            <\/a>\n        <\/div>\n        \t\t\t\t<\/div>\n\t\t\t\t<\/div>\n\t\t\t\t\t<\/div>\n\t\t<\/div>\n\t\t\t\t\t<\/div>\n\t\t<\/section>\n\t\t\t\t\t<\/div>\n\t\t<\/div>\n\t\t\t\t<div class=\"elementor-column elementor-col-50 elementor-top-column elementor-element elementor-element-12d954d\" data-id=\"12d954d\" data-element_type=\"column\" data-e-type=\"column\">\n\t\t\t<div class=\"elementor-widget-wrap elementor-element-populated\">\n\t\t\t\t\t\t<section class=\"elementor-section elementor-inner-section elementor-element elementor-element-adfc636 elementor-section-boxed elementor-section-height-default elementor-section-height-default\" data-id=\"adfc636\" data-element_type=\"section\" data-e-type=\"section\">\n\t\t\t\t\t\t<div class=\"elementor-container elementor-column-gap-no\">\n\t\t\t\t\t<div class=\"elementor-column elementor-col-100 elementor-inner-column elementor-element elementor-element-3bb2270\" data-id=\"3bb2270\" data-element_type=\"column\" data-e-type=\"column\">\n\t\t\t<div class=\"elementor-widget-wrap elementor-element-populated\">\n\t\t\t\t\t\t<div class=\"elementor-element elementor-element-9b57821 animated-fast img-animated elementor-invisible elementor-widget elementor-widget-image\" data-id=\"9b57821\" data-element_type=\"widget\" data-e-type=\"widget\" data-settings=\"{&quot;_animation&quot;:&quot;opal-move-up&quot;,&quot;_animation_delay&quot;:350}\" data-widget_type=\"image.default\">\n\t\t\t\t<div class=\"elementor-widget-container\">\n\t\t\t\t\t\t\t\t\t\t\t\t\t\t\t<img decoding=\"async\" width=\"810\" height=\"330\" src=\"https:\/\/peakgroupag.com\/wp-content\/uploads\/2025\/04\/financebanner2.webp\" class=\"attachment-full size-full wp-image-4550\" alt=\"\" srcset=\"https:\/\/peakgroupag.com\/wp-content\/uploads\/2025\/04\/financebanner2.webp 810w, https:\/\/peakgroupag.com\/wp-content\/uploads\/2025\/04\/financebanner2-300x122.webp 300w, https:\/\/peakgroupag.com\/wp-content\/uploads\/2025\/04\/financebanner2-768x313.webp 768w, https:\/\/peakgroupag.com\/wp-content\/uploads\/2025\/04\/financebanner2-700x285.webp 700w\" sizes=\"(max-width: 810px) 100vw, 810px\" \/>\t\t\t\t\t\t\t\t\t\t\t\t\t\t\t<\/div>\n\t\t\t\t<\/div>\n\t\t\t\t\t<\/div>\n\t\t<\/div>\n\t\t\t\t\t<\/div>\n\t\t<\/section>\n\t\t\t\t<section class=\"elementor-section elementor-inner-section elementor-element elementor-element-ef4cd69 elementor-section-boxed elementor-section-height-default elementor-section-height-default\" data-id=\"ef4cd69\" data-element_type=\"section\" data-e-type=\"section\">\n\t\t\t\t\t\t<div class=\"elementor-container elementor-column-gap-no\">\n\t\t\t\t\t<div class=\"elementor-column elementor-col-100 elementor-inner-column elementor-element elementor-element-66ceb62\" data-id=\"66ceb62\" data-element_type=\"column\" data-e-type=\"column\">\n\t\t\t<div class=\"elementor-widget-wrap elementor-element-populated\">\n\t\t\t\t\t\t<div class=\"elementor-element elementor-element-369ed17 elementor-tablet-align-center animated-fast elementor-invisible elementor-widget elementor-widget-heading\" data-id=\"369ed17\" data-element_type=\"widget\" data-e-type=\"widget\" data-settings=\"{&quot;_animation&quot;:&quot;opal-move-up&quot;}\" data-widget_type=\"heading.default\">\n\t\t\t\t<div class=\"elementor-widget-container\">\n\t\t\t\t\t<h2 class=\"elementor-heading-title elementor-size-default\">Vue d'ensemble<\/h2>\t\t\t\t<\/div>\n\t\t\t\t<\/div>\n\t\t\t\t<div class=\"elementor-element elementor-element-ff97675 animated-fast elementor-invisible elementor-widget elementor-widget-text-editor\" data-id=\"ff97675\" data-element_type=\"widget\" data-e-type=\"widget\" data-settings=\"{&quot;_animation&quot;:&quot;opal-move-up&quot;}\" data-widget_type=\"text-editor.default\">\n\t\t\t\t<div class=\"elementor-widget-container\">\n\t\t\t\t\t        <div class=\"elementor-text-editor elementor-clearfix\"><p class=\"\" data-start=\"1669\" data-end=\"2034\">Le financement du commerce est essentiel pour les entreprises qui cherchent \u00e0 se d\u00e9velopper sur le march\u00e9 mondial. Nous offrons une gamme de solutions de financement con\u00e7ues pour soutenir les importateurs et les exportateurs, y compris des pr\u00eats \u00e0 faible taux d'int\u00e9r\u00eat, des assurances commerciales et des garanties. Notre objectif est d'aider les entreprises \u00e0 att\u00e9nuer les risques financiers et \u00e0 assurer des transactions fluides et rentables dans le commerce international.<\/p><p class=\"\" data-start=\"2036\" data-end=\"2326\">Gr\u00e2ce \u00e0 nos solutions de financement du commerce, nous veillons \u00e0 ce que les entreprises puissent obtenir le financement, l'assurance et les garanties n\u00e9cessaires pour op\u00e9rer \u00e0 l'\u00e9chelle mondiale sans subir le fardeau des contraintes financi\u00e8res. Nous collaborons \u00e9troitement avec nos clients pour comprendre leurs besoins sp\u00e9cifiques et leur fournir des solutions sur mesure.<\/p><\/div>\n        \t\t\t\t<\/div>\n\t\t\t\t<\/div>\n\t\t\t\t\t<\/div>\n\t\t<\/div>\n\t\t\t\t\t<\/div>\n\t\t<\/section>\n\t\t\t\t<section class=\"elementor-section elementor-inner-section elementor-element elementor-element-383785e elementor-section-boxed elementor-section-height-default elementor-section-height-default\" data-id=\"383785e\" data-element_type=\"section\" data-e-type=\"section\">\n\t\t\t\t\t\t<div class=\"elementor-container elementor-column-gap-no\">\n\t\t\t\t\t<div class=\"elementor-column elementor-col-50 elementor-inner-column elementor-element elementor-element-f300966\" data-id=\"f300966\" data-element_type=\"column\" data-e-type=\"column\">\n\t\t\t<div class=\"elementor-widget-wrap elementor-element-populated\">\n\t\t\t\t\t\t<div class=\"elementor-element elementor-element-0a6aef8 animated-fast elementor-view-default elementor-position-top elementor-vertical-align-top elementor-invisible elementor-widget elementor-widget-icon-box\" data-id=\"0a6aef8\" data-element_type=\"widget\" data-e-type=\"widget\" data-settings=\"{&quot;_animation&quot;:&quot;opal-move-up&quot;,&quot;_animation_delay&quot;:0}\" data-widget_type=\"icon-box.default\">\n\t\t\t\t<div class=\"elementor-widget-container\">\n\t\t\t\t\t        <div class=\"elementor-icon-box-wrapper\">\n                            <div class=\"elementor-icon-box-icon\">\n                <span class=\"elementor-icon elementor-animation-\" >\n                <i class=\"opal-icon-money-bill-wave\" aria-hidden=\"true\"><\/i>\n                <\/span>\n                <\/div>\n                        <div class=\"elementor-icon-box-content\">\n            <h5 class=\"elementor-icon-box-subtitle\"><\/h5>\n            <h3 class=\"elementor-icon-box-title\">\n            <span >Options de financement flexibles<\/span>\n            <\/h3>\n            <p class=\"elementor-icon-box-description\">Nous proposons des solutions financi\u00e8res personnalis\u00e9es, notamment des pr\u00eats et des plans de paiement con\u00e7us pour soutenir les op\u00e9rations de commerce international.<\/p>\n            <\/div>\n        <\/div>\n        \t\t\t\t<\/div>\n\t\t\t\t<\/div>\n\t\t\t\t\t<\/div>\n\t\t<\/div>\n\t\t\t\t<div class=\"elementor-column elementor-col-50 elementor-inner-column elementor-element elementor-element-7110811\" data-id=\"7110811\" data-element_type=\"column\" data-e-type=\"column\">\n\t\t\t<div class=\"elementor-widget-wrap elementor-element-populated\">\n\t\t\t\t\t\t<div class=\"elementor-element elementor-element-66a1d23 animated-fast elementor-view-default elementor-position-top elementor-vertical-align-top elementor-invisible elementor-widget elementor-widget-icon-box\" data-id=\"66a1d23\" data-element_type=\"widget\" data-e-type=\"widget\" data-settings=\"{&quot;_animation&quot;:&quot;opal-move-up&quot;,&quot;_animation_delay&quot;:150}\" data-widget_type=\"icon-box.default\">\n\t\t\t\t<div class=\"elementor-widget-container\">\n\t\t\t\t\t        <div class=\"elementor-icon-box-wrapper\">\n                            <div class=\"elementor-icon-box-icon\">\n                <span class=\"elementor-icon elementor-animation-\" >\n                <i class=\"opal-icon-quality\" aria-hidden=\"true\"><\/i>\n                <\/span>\n                <\/div>\n                        <div class=\"elementor-icon-box-content\">\n            <h5 class=\"elementor-icon-box-subtitle\"><\/h5>\n            <h3 class=\"elementor-icon-box-title\">\n            <span >Gestion des risques<\/span>\n            <\/h3>\n            <p class=\"elementor-icon-box-description\">Nos services comprennent des solutions de gestion des risques telles que l'assurance commerciale et les garanties pour minimiser les risques potentiels li\u00e9s au commerce.<\/p>\n            <\/div>\n        <\/div>\n        \t\t\t\t<\/div>\n\t\t\t\t<\/div>\n\t\t\t\t\t<\/div>\n\t\t<\/div>\n\t\t\t\t\t<\/div>\n\t\t<\/section>\n\t\t\t\t<section class=\"elementor-section elementor-inner-section elementor-element elementor-element-abe91d7 elementor-section-boxed elementor-section-height-default elementor-section-height-default\" data-id=\"abe91d7\" data-element_type=\"section\" data-e-type=\"section\">\n\t\t\t\t\t\t<div class=\"elementor-container elementor-column-gap-no\">\n\t\t\t\t\t<div class=\"elementor-column elementor-col-100 elementor-inner-column elementor-element elementor-element-04033d9\" data-id=\"04033d9\" data-element_type=\"column\" data-e-type=\"column\">\n\t\t\t<div class=\"elementor-widget-wrap elementor-element-populated\">\n\t\t\t\t\t\t<div class=\"elementor-element elementor-element-dcb546e animated-fast elementor-widget-divider--view-line elementor-invisible elementor-widget elementor-widget-divider\" data-id=\"dcb546e\" data-element_type=\"widget\" data-e-type=\"widget\" data-settings=\"{&quot;_animation&quot;:&quot;opal-move-up&quot;}\" data-widget_type=\"divider.default\">\n\t\t\t\t<div class=\"elementor-widget-container\">\n\t\t\t\t\t\t\t<div class=\"elementor-divider\">\n\t\t\t<span class=\"elementor-divider-separator\">\n\t\t\t\t\t\t<\/span>\n\t\t<\/div>\n\t\t\t\t\t\t<\/div>\n\t\t\t\t<\/div>\n\t\t\t\t<div class=\"elementor-element elementor-element-555da3a elementor-tablet-align-center animated-fast elementor-invisible elementor-widget elementor-widget-heading\" data-id=\"555da3a\" data-element_type=\"widget\" data-e-type=\"widget\" data-settings=\"{&quot;_animation&quot;:&quot;opal-move-up&quot;}\" data-widget_type=\"heading.default\">\n\t\t\t\t<div class=\"elementor-widget-container\">\n\t\t\t\t\t<h2 class=\"elementor-heading-title elementor-size-default\">Avantages<\/h2>\t\t\t\t<\/div>\n\t\t\t\t<\/div>\n\t\t\t\t\t<\/div>\n\t\t<\/div>\n\t\t\t\t\t<\/div>\n\t\t<\/section>\n\t\t\t\t<section class=\"elementor-section elementor-inner-section elementor-element elementor-element-68b4213 elementor-section-boxed elementor-section-height-default elementor-section-height-default\" data-id=\"68b4213\" data-element_type=\"section\" data-e-type=\"section\">\n\t\t\t\t\t\t<div class=\"elementor-container elementor-column-gap-no\">\n\t\t\t\t\t<div class=\"elementor-column elementor-col-100 elementor-inner-column elementor-element elementor-element-ee1fdda\" data-id=\"ee1fdda\" data-element_type=\"column\" data-e-type=\"column\">\n\t\t\t<div class=\"elementor-widget-wrap elementor-element-populated\">\n\t\t\t\t\t\t<div class=\"elementor-element elementor-element-c442748 animated-fast elementor-invisible elementor-widget elementor-widget-icon-list\" data-id=\"c442748\" data-element_type=\"widget\" data-e-type=\"widget\" data-settings=\"{&quot;_animation&quot;:&quot;opal-move-up&quot;,&quot;_animation_delay&quot;:0}\" data-widget_type=\"icon-list.default\">\n\t\t\t\t<div class=\"elementor-widget-container\">\n\t\t\t\t\t        <ul class=\"elementor-icon-list-items\">\n                            <li class=\"elementor-icon-list-item\" >\n                                            <span class=\"elementor-icon-list-icon\">\n\t\t\t\t\t\t\t<i class=\"fa fa-check\" aria-hidden=\"true\"><\/i>\n\t\t\t\t\t\t<\/span>\n                                        <span class=\"elementor-icon-list-text\">Soutien financier d'experts<\/span>\n                                    <\/li>\n                            <li class=\"elementor-icon-list-item\" >\n                                            <span class=\"elementor-icon-list-icon\">\n\t\t\t\t\t\t\t<i class=\"fa fa-check\" aria-hidden=\"true\"><\/i>\n\t\t\t\t\t\t<\/span>\n                                        <span class=\"elementor-icon-list-text\">Traitement rapide et tarifs comp\u00e9titifs<\/span>\n                                    <\/li>\n                            <li class=\"elementor-icon-list-item\" >\n                                            <span class=\"elementor-icon-list-icon\">\n\t\t\t\t\t\t\t<i class=\"fa fa-check\" aria-hidden=\"true\"><\/i>\n\t\t\t\t\t\t<\/span>\n                                        <span class=\"elementor-icon-list-text\">Assurer le financement du commerce international<\/span>\n                                    <\/li>\n                            <li class=\"elementor-icon-list-item\" >\n                                            <span class=\"elementor-icon-list-icon\">\n\t\t\t\t\t\t\t<i class=\"fa fa-check\" aria-hidden=\"true\"><\/i>\n\t\t\t\t\t\t<\/span>\n                                        <span class=\"elementor-icon-list-text\">Risque financier minimis\u00e9 gr\u00e2ce \u00e0 un soutien complet<\/span>\n                                    <\/li>\n                            <li class=\"elementor-icon-list-item\" >\n                                            <span class=\"elementor-icon-list-icon\">\n\t\t\t\t\t\t\t<i class=\"fa fa-check\" aria-hidden=\"true\"><\/i>\n\t\t\t\t\t\t<\/span>\n                                        <span class=\"elementor-icon-list-text\">Des solutions personnalis\u00e9es pour r\u00e9pondre aux divers besoins des entreprises<\/span>\n                                    <\/li>\n                    <\/ul>\n        \t\t\t\t<\/div>\n\t\t\t\t<\/div>\n\t\t\t\t\t<\/div>\n\t\t<\/div>\n\t\t\t\t\t<\/div>\n\t\t<\/section>\n\t\t\t\t\t<\/div>\n\t\t<\/div>\n\t\t\t\t\t<\/div>\n\t\t<\/section>\n\t\t\t\t<\/div>","protected":false},"excerpt":{"rendered":"<p>Download a company brochure Get A Copy Do you have any questions? Contact us at the office nearest to you or submit a business inquiry online Contact Us Overview Trade financing is essential for businesses seeking to grow in the global marketplace. We offer a range of financing solutions designed to support both importers and &hellip; <\/p>\n<p class=\"link-more\"><a href=\"https:\/\/peakgroupag.com\/fr\/nos-services\/commerce-finance\/\" class=\"more-link\">Lire la suite <i class=\"opal-icon-long-arrow-right\"><\/i><span class=\"screen-reader-text\"> &#8220;Trade Finance&#8221;<\/span><\/a><\/p>","protected":false},"author":1,"featured_media":0,"parent":2548,"menu_order":0,"comment_status":"closed","ping_status":"closed","template":"page-elementor.php","meta":{"footnotes":""},"class_list":["post-4103","page","type-page","status-publish","hentry"],"_links":{"self":[{"href":"https:\/\/peakgroupag.com\/fr\/wp-json\/wp\/v2\/pages\/4103","targetHints":{"allow":["GET"]}}],"collection":[{"href":"https:\/\/peakgroupag.com\/fr\/wp-json\/wp\/v2\/pages"}],"about":[{"href":"https:\/\/peakgroupag.com\/fr\/wp-json\/wp\/v2\/types\/page"}],"author":[{"embeddable":true,"href":"https:\/\/peakgroupag.com\/fr\/wp-json\/wp\/v2\/users\/1"}],"replies":[{"embeddable":true,"href":"https:\/\/peakgroupag.com\/fr\/wp-json\/wp\/v2\/comments?post=4103"}],"version-history":[{"count":29,"href":"https:\/\/peakgroupag.com\/fr\/wp-json\/wp\/v2\/pages\/4103\/revisions"}],"predecessor-version":[{"id":4553,"href":"https:\/\/peakgroupag.com\/fr\/wp-json\/wp\/v2\/pages\/4103\/revisions\/4553"}],"up":[{"embeddable":true,"href":"https:\/\/peakgroupag.com\/fr\/wp-json\/wp\/v2\/pages\/2548"}],"wp:attachment":[{"href":"https:\/\/peakgroupag.com\/fr\/wp-json\/wp\/v2\/media?parent=4103"}],"curies":[{"name":"wp","href":"https:\/\/api.w.org\/{rel}","templated":true}]}}