{"id":4128,"date":"2025-04-17T14:10:59","date_gmt":"2025-04-17T14:10:59","guid":{"rendered":"https:\/\/peakgroupag.com\/?page_id=4128"},"modified":"2025-04-21T15:35:51","modified_gmt":"2025-04-21T15:35:51","slug":"import-export-recyclage","status":"publish","type":"page","link":"https:\/\/peakgroupag.com\/fr\/nos-services\/import-export-recyclage\/","title":{"rendered":"Import\/Export et recyclage"},"content":{"rendered":"<div data-elementor-type=\"wp-page\" data-elementor-id=\"4128\" class=\"elementor elementor-4128\" data-elementor-post-type=\"page\">\n\t\t\t\t\t\t<section class=\"elementor-section elementor-top-section elementor-element elementor-element-a43037f elementor-reverse-mobile elementor-section-boxed elementor-section-height-default elementor-section-height-default\" data-id=\"a43037f\" data-element_type=\"section\" data-e-type=\"section\">\n\t\t\t\t\t\t<div class=\"elementor-container elementor-column-gap-no\">\n\t\t\t\t\t<div class=\"elementor-column elementor-col-50 elementor-top-column elementor-element elementor-element-3ed3fe6\" data-id=\"3ed3fe6\" data-element_type=\"column\" data-e-type=\"column\">\n\t\t\t<div class=\"elementor-widget-wrap elementor-element-populated\">\n\t\t\t\t\t\t<div class=\"elementor-element elementor-element-d789209 elementor-nav-menu--indicator-angle elementor-widget elementor-widget-opal-nav-menu\" data-id=\"d789209\" data-element_type=\"widget\" data-e-type=\"widget\" data-settings=\"{&quot;layout&quot;:&quot;vertical&quot;}\" data-widget_type=\"opal-nav-menu.default\">\n\t\t\t\t<div class=\"elementor-widget-container\">\n\t\t\t\t\t        <nav data-submenusminwidth=\"50\" data-submenusmaxwidth=\"500\" class=\"elementor-nav-menu--main elementor-nav-menu__container elementor-nav-menu--layout-vertical e--pointer-none\">\n                        <ul id=\"menu-1-d789209\" class=\"elementor-nav-menu sm-vertical\"><li class=\"menu-item menu-item-type-post_type menu-item-object-page menu-item-4152\"><a href=\"https:\/\/peakgroupag.com\/fr\/nos-services\/petrole\/\" class=\"elementor-item\"><span class=\"menu-title\">P\u00e9trole<\/span><\/a><\/li>\n<li class=\"menu-item menu-item-type-post_type menu-item-object-page menu-item-4154\"><a href=\"https:\/\/peakgroupag.com\/fr\/nos-services\/commerce-finance\/\" class=\"elementor-item\"><span class=\"menu-title\">Financement du commerce<\/span><\/a><\/li>\n<li class=\"menu-item menu-item-type-post_type menu-item-object-page menu-item-4150\"><a href=\"https:\/\/peakgroupag.com\/fr\/nos-services\/construction-immobilier\/\" class=\"elementor-item\"><span class=\"menu-title\">Construction &amp; Immobilier<\/span><\/a><\/li>\n<li class=\"menu-item menu-item-type-post_type menu-item-object-page menu-item-4153\"><a href=\"https:\/\/peakgroupag.com\/fr\/nos-services\/technologies-prefabriquees\/\" class=\"elementor-item\"><span class=\"menu-title\">Technologies pr\u00e9fabriqu\u00e9es<\/span><\/a><\/li>\n<li class=\"menu-item menu-item-type-post_type menu-item-object-page menu-item-4149\"><a href=\"https:\/\/peakgroupag.com\/fr\/nos-services\/fourniture-de-pierres-naturelles-ceramiques\/\" class=\"elementor-item\"><span class=\"menu-title\">C\u00e9ramique et en Pierre Naturelle<\/span><\/a><\/li>\n<li class=\"menu-item menu-item-type-post_type menu-item-object-page menu-item-4151\"><a href=\"https:\/\/peakgroupag.com\/fr\/nos-services\/import-export-recyclage\/\" class=\"elementor-item\"><span class=\"menu-title\">Import\/Export et recyclage<\/span><\/a><\/li>\n<\/ul>        <\/nav>\n        \t\t\t\t<\/div>\n\t\t\t\t<\/div>\n\t\t\t\t<section class=\"elementor-section elementor-inner-section elementor-element elementor-element-5fe1756 elementor-section-boxed elementor-section-height-default elementor-section-height-default\" data-id=\"5fe1756\" data-element_type=\"section\" data-e-type=\"section\">\n\t\t\t\t\t\t<div class=\"elementor-container elementor-column-gap-no\">\n\t\t\t\t\t<div class=\"elementor-column elementor-col-100 elementor-inner-column elementor-element elementor-element-014a311 opal-box-clip-sm\" data-id=\"014a311\" data-element_type=\"column\" data-e-type=\"column\" data-settings=\"{&quot;background_background&quot;:&quot;classic&quot;}\">\n\t\t\t<div class=\"elementor-widget-wrap elementor-element-populated\">\n\t\t\t\t\t\t<div class=\"elementor-element elementor-element-678b987 animated-fast elementor-invisible elementor-widget elementor-widget-image\" data-id=\"678b987\" data-element_type=\"widget\" data-e-type=\"widget\" data-settings=\"{&quot;_animation&quot;:&quot;opal-move-up&quot;}\" data-widget_type=\"image.default\">\n\t\t\t\t<div class=\"elementor-widget-container\">\n\t\t\t\t\t\t\t\t\t\t\t\t\t\t\t<img fetchpriority=\"high\" decoding=\"async\" width=\"476\" height=\"430\" src=\"https:\/\/peakgroupag.com\/wp-content\/uploads\/2019\/06\/img_about.png\" class=\"attachment-full size-full wp-image-1967\" alt=\"\" srcset=\"https:\/\/peakgroupag.com\/wp-content\/uploads\/2019\/06\/img_about.png 476w, https:\/\/peakgroupag.com\/wp-content\/uploads\/2019\/06\/img_about-300x271.png 300w\" sizes=\"(max-width: 476px) 100vw, 476px\" \/>\t\t\t\t\t\t\t\t\t\t\t\t\t\t\t<\/div>\n\t\t\t\t<\/div>\n\t\t\t\t<div class=\"elementor-element elementor-element-0778bcc elementor-mobile-align-center animated-fast elementor-align-center elementor-invisible elementor-widget elementor-widget-heading\" data-id=\"0778bcc\" data-element_type=\"widget\" data-e-type=\"widget\" data-settings=\"{&quot;_animation&quot;:&quot;opal-move-up&quot;}\" data-widget_type=\"heading.default\">\n\t\t\t\t<div class=\"elementor-widget-container\">\n\t\t\t\t\t<h2 class=\"elementor-heading-title elementor-size-default\">Download a company<br>\nbrochure<\/h2>\t\t\t\t<\/div>\n\t\t\t\t<\/div>\n\t\t\t\t<div class=\"elementor-element elementor-element-25ed648 elementor-mobile-align-center animated-fast elementor-align-center elementor-button-primary elementor-invisible elementor-widget elementor-widget-button\" data-id=\"25ed648\" data-element_type=\"widget\" data-e-type=\"widget\" data-settings=\"{&quot;_animation&quot;:&quot;opal-move-up&quot;}\" data-widget_type=\"button.default\">\n\t\t\t\t<div class=\"elementor-widget-container\">\n\t\t\t\t\t        <div class=\"elementor-button-wrapper\">\n            <a href=\"#\" class=\"elementor-button-link elementor-button elementor-size-md\" role=\"button\">\n                \t\t<span class=\"elementor-button-content-wrapper\">\n\t\t\t\t\t\t<span class=\"elementor-button-icon\">\n\t\t\t\t\t\t\t\t\t<i class=\"opal-icon-long-arrow-right\" aria-hidden=\"true\"><\/i>\n\t\t\t\t\t\t\t<\/span>\n\t\t\t\t\t\t\t\t\t<span class=\"elementor-button-text\">Get A Copy<\/span>\n\t\t\t\t\t<\/span>\n\t\t            <\/a>\n        <\/div>\n        \t\t\t\t<\/div>\n\t\t\t\t<\/div>\n\t\t\t\t\t<\/div>\n\t\t<\/div>\n\t\t\t\t\t<\/div>\n\t\t<\/section>\n\t\t\t\t<section class=\"elementor-section elementor-inner-section elementor-element elementor-element-f9f131b elementor-section-boxed elementor-section-height-default elementor-section-height-default\" data-id=\"f9f131b\" data-element_type=\"section\" data-e-type=\"section\">\n\t\t\t\t\t\t<div class=\"elementor-container elementor-column-gap-no\">\n\t\t\t\t\t<div class=\"elementor-column elementor-col-100 elementor-inner-column elementor-element elementor-element-ac0056e opal-box-clip-sm\" data-id=\"ac0056e\" data-element_type=\"column\" data-e-type=\"column\" data-settings=\"{&quot;background_background&quot;:&quot;classic&quot;}\">\n\t\t\t<div class=\"elementor-widget-wrap elementor-element-populated\">\n\t\t\t\t\t\t<div class=\"elementor-element elementor-element-fbfcf35 animated-fast elementor-invisible elementor-widget elementor-widget-heading\" data-id=\"fbfcf35\" data-element_type=\"widget\" data-e-type=\"widget\" data-settings=\"{&quot;_animation&quot;:&quot;opal-move-up&quot;}\" data-widget_type=\"heading.default\">\n\t\t\t\t<div class=\"elementor-widget-container\">\n\t\t\t\t\t<h2 class=\"elementor-heading-title elementor-size-default\">Avez-vous des questions ?<\/h2>\t\t\t\t<\/div>\n\t\t\t\t<\/div>\n\t\t\t\t<div class=\"elementor-element elementor-element-55f41c0 animated-fast elementor-invisible elementor-widget elementor-widget-text-editor\" data-id=\"55f41c0\" data-element_type=\"widget\" data-e-type=\"widget\" data-settings=\"{&quot;_animation&quot;:&quot;opal-move-up&quot;}\" data-widget_type=\"text-editor.default\">\n\t\t\t\t<div class=\"elementor-widget-container\">\n\t\t\t\t\t        <div class=\"elementor-text-editor elementor-clearfix\"><p>Contactez-nous au bureau le plus proche de chez vous ou soumettez une demande d'information en ligne.<\/p><\/div>\n        \t\t\t\t<\/div>\n\t\t\t\t<\/div>\n\t\t\t\t<div class=\"elementor-element elementor-element-3f50452 elementor-mobile-align-center animated-fast elementor-button-light elementor-align-center elementor-invisible elementor-widget elementor-widget-button\" data-id=\"3f50452\" data-element_type=\"widget\" data-e-type=\"widget\" data-settings=\"{&quot;_animation&quot;:&quot;opal-move-up&quot;}\" data-widget_type=\"button.default\">\n\t\t\t\t<div class=\"elementor-widget-container\">\n\t\t\t\t\t        <div class=\"elementor-button-wrapper\">\n            <a href=\"https:\/\/peakgroupag.com\/fr\/contact\/\" class=\"elementor-button-link elementor-button elementor-size-md\" role=\"button\">\n                \t\t<span class=\"elementor-button-content-wrapper\">\n\t\t\t\t\t\t<span class=\"elementor-button-icon\">\n\t\t\t\t\t\t\t\t\t<i class=\"opal-icon-long-arrow-right\" aria-hidden=\"true\"><\/i>\n\t\t\t\t\t\t\t<\/span>\n\t\t\t\t\t\t\t\t\t<span class=\"elementor-button-text\">Contact<\/span>\n\t\t\t\t\t<\/span>\n\t\t            <\/a>\n        <\/div>\n        \t\t\t\t<\/div>\n\t\t\t\t<\/div>\n\t\t\t\t\t<\/div>\n\t\t<\/div>\n\t\t\t\t\t<\/div>\n\t\t<\/section>\n\t\t\t\t\t<\/div>\n\t\t<\/div>\n\t\t\t\t<div class=\"elementor-column elementor-col-50 elementor-top-column elementor-element elementor-element-e4f8551\" data-id=\"e4f8551\" data-element_type=\"column\" data-e-type=\"column\">\n\t\t\t<div class=\"elementor-widget-wrap elementor-element-populated\">\n\t\t\t\t\t\t<section class=\"elementor-section elementor-inner-section elementor-element elementor-element-04f9c7b elementor-section-boxed elementor-section-height-default elementor-section-height-default\" data-id=\"04f9c7b\" data-element_type=\"section\" data-e-type=\"section\">\n\t\t\t\t\t\t<div class=\"elementor-container elementor-column-gap-no\">\n\t\t\t\t\t<div class=\"elementor-column elementor-col-100 elementor-inner-column elementor-element elementor-element-35ad71a\" data-id=\"35ad71a\" data-element_type=\"column\" data-e-type=\"column\">\n\t\t\t<div class=\"elementor-widget-wrap elementor-element-populated\">\n\t\t\t\t\t\t<div class=\"elementor-element elementor-element-98db455 animated-fast img-animated elementor-invisible elementor-widget elementor-widget-image\" data-id=\"98db455\" data-element_type=\"widget\" data-e-type=\"widget\" data-settings=\"{&quot;_animation&quot;:&quot;opal-move-up&quot;,&quot;_animation_delay&quot;:350}\" data-widget_type=\"image.default\">\n\t\t\t\t<div class=\"elementor-widget-container\">\n\t\t\t\t\t\t\t\t\t\t\t\t\t\t\t<img decoding=\"async\" width=\"810\" height=\"330\" src=\"https:\/\/peakgroupag.com\/wp-content\/uploads\/2025\/04\/recylingbanner2.webp\" class=\"attachment-full size-full wp-image-4542\" alt=\"\" srcset=\"https:\/\/peakgroupag.com\/wp-content\/uploads\/2025\/04\/recylingbanner2.webp 810w, https:\/\/peakgroupag.com\/wp-content\/uploads\/2025\/04\/recylingbanner2-300x122.webp 300w, https:\/\/peakgroupag.com\/wp-content\/uploads\/2025\/04\/recylingbanner2-768x313.webp 768w, https:\/\/peakgroupag.com\/wp-content\/uploads\/2025\/04\/recylingbanner2-700x285.webp 700w\" sizes=\"(max-width: 810px) 100vw, 810px\" \/>\t\t\t\t\t\t\t\t\t\t\t\t\t\t\t<\/div>\n\t\t\t\t<\/div>\n\t\t\t\t\t<\/div>\n\t\t<\/div>\n\t\t\t\t\t<\/div>\n\t\t<\/section>\n\t\t\t\t<section class=\"elementor-section elementor-inner-section elementor-element elementor-element-166f2b7 elementor-section-boxed elementor-section-height-default elementor-section-height-default\" data-id=\"166f2b7\" data-element_type=\"section\" data-e-type=\"section\">\n\t\t\t\t\t\t<div class=\"elementor-container elementor-column-gap-no\">\n\t\t\t\t\t<div class=\"elementor-column elementor-col-100 elementor-inner-column elementor-element elementor-element-a995704\" data-id=\"a995704\" data-element_type=\"column\" data-e-type=\"column\">\n\t\t\t<div class=\"elementor-widget-wrap elementor-element-populated\">\n\t\t\t\t\t\t<div class=\"elementor-element elementor-element-3dbd410 elementor-tablet-align-center animated-fast elementor-invisible elementor-widget elementor-widget-heading\" data-id=\"3dbd410\" data-element_type=\"widget\" data-e-type=\"widget\" data-settings=\"{&quot;_animation&quot;:&quot;opal-move-up&quot;}\" data-widget_type=\"heading.default\">\n\t\t\t\t<div class=\"elementor-widget-container\">\n\t\t\t\t\t<h2 class=\"elementor-heading-title elementor-size-default\">Vue d'ensemble<\/h2>\t\t\t\t<\/div>\n\t\t\t\t<\/div>\n\t\t\t\t<div class=\"elementor-element elementor-element-70cb5bc animated-fast elementor-invisible elementor-widget elementor-widget-text-editor\" data-id=\"70cb5bc\" data-element_type=\"widget\" data-e-type=\"widget\" data-settings=\"{&quot;_animation&quot;:&quot;opal-move-up&quot;}\" data-widget_type=\"text-editor.default\">\n\t\t\t\t<div class=\"elementor-widget-container\">\n\t\t\t\t\t        <div class=\"elementor-text-editor elementor-clearfix\"><p class=\"\" data-start=\"7615\" data-end=\"7928\">Nous offrons des services complets d'importation\/exportation et de recyclage, aidant les entreprises \u00e0 g\u00e9rer efficacement leurs d\u00e9chets tout en contribuant \u00e0 la durabilit\u00e9 de l'environnement. Nos services de recyclage consistent \u00e0 transformer les d\u00e9chets en ressources r\u00e9utilisables, \u00e0 r\u00e9duire l'impact sur l'environnement et \u00e0 soutenir une \u00e9conomie circulaire.<\/p><p class=\"\" data-start=\"7930\" data-end=\"8202\">Gr\u00e2ce \u00e0 notre expertise en mati\u00e8re de commerce international et de gestion des d\u00e9chets, nous aidons les entreprises \u00e0 g\u00e9rer les d\u00e9chets industriels par le biais de processus \u00e9cologiques qui convertissent les d\u00e9chets en mati\u00e8res premi\u00e8res pr\u00e9cieuses. Nous fournissons des solutions innovantes pour le commerce mondial et les pratiques de recyclage durable.<\/p><\/div>\n        \t\t\t\t<\/div>\n\t\t\t\t<\/div>\n\t\t\t\t\t<\/div>\n\t\t<\/div>\n\t\t\t\t\t<\/div>\n\t\t<\/section>\n\t\t\t\t<section class=\"elementor-section elementor-inner-section elementor-element elementor-element-31bde8f elementor-section-boxed elementor-section-height-default elementor-section-height-default\" data-id=\"31bde8f\" data-element_type=\"section\" data-e-type=\"section\">\n\t\t\t\t\t\t<div class=\"elementor-container elementor-column-gap-no\">\n\t\t\t\t\t<div class=\"elementor-column elementor-col-50 elementor-inner-column elementor-element elementor-element-e66bfb4\" data-id=\"e66bfb4\" data-element_type=\"column\" data-e-type=\"column\">\n\t\t\t<div class=\"elementor-widget-wrap elementor-element-populated\">\n\t\t\t\t\t\t<div class=\"elementor-element elementor-element-dd99a21 animated-fast elementor-view-default elementor-position-top elementor-vertical-align-top elementor-invisible elementor-widget elementor-widget-icon-box\" data-id=\"dd99a21\" data-element_type=\"widget\" data-e-type=\"widget\" data-settings=\"{&quot;_animation&quot;:&quot;opal-move-up&quot;,&quot;_animation_delay&quot;:0}\" data-widget_type=\"icon-box.default\">\n\t\t\t\t<div class=\"elementor-widget-container\">\n\t\t\t\t\t        <div class=\"elementor-icon-box-wrapper\">\n                            <div class=\"elementor-icon-box-icon\">\n                <span class=\"elementor-icon elementor-animation-\" >\n                <i class=\"opal-icon-users\" aria-hidden=\"true\"><\/i>\n                <\/span>\n                <\/div>\n                        <div class=\"elementor-icon-box-content\">\n            <h5 class=\"elementor-icon-box-subtitle\"><\/h5>\n            <h3 class=\"elementor-icon-box-title\">\n            <span >Gestion \u00e9cologique des d\u00e9chets<\/span>\n            <\/h3>\n            <p class=\"elementor-icon-box-description\">Nous sommes sp\u00e9cialis\u00e9s dans le recyclage des d\u00e9chets industriels, que nous transformons en mat\u00e9riaux r\u00e9utilisables \u00e0 l'aide de m\u00e9thodes respectueuses de l'environnement.<\/p>\n            <\/div>\n        <\/div>\n        \t\t\t\t<\/div>\n\t\t\t\t<\/div>\n\t\t\t\t\t<\/div>\n\t\t<\/div>\n\t\t\t\t<div class=\"elementor-column elementor-col-50 elementor-inner-column elementor-element elementor-element-908f275\" data-id=\"908f275\" data-element_type=\"column\" data-e-type=\"column\">\n\t\t\t<div class=\"elementor-widget-wrap elementor-element-populated\">\n\t\t\t\t\t\t<div class=\"elementor-element elementor-element-b5dcc5f animated-fast elementor-view-default elementor-position-top elementor-vertical-align-top elementor-invisible elementor-widget elementor-widget-icon-box\" data-id=\"b5dcc5f\" data-element_type=\"widget\" data-e-type=\"widget\" data-settings=\"{&quot;_animation&quot;:&quot;opal-move-up&quot;,&quot;_animation_delay&quot;:150}\" data-widget_type=\"icon-box.default\">\n\t\t\t\t<div class=\"elementor-widget-container\">\n\t\t\t\t\t        <div class=\"elementor-icon-box-wrapper\">\n                            <div class=\"elementor-icon-box-icon\">\n                <span class=\"elementor-icon elementor-animation-\" >\n                <i class=\"opal-icon-location-circle\" aria-hidden=\"true\"><\/i>\n                <\/span>\n                <\/div>\n                        <div class=\"elementor-icon-box-content\">\n            <h5 class=\"elementor-icon-box-subtitle\"><\/h5>\n            <h3 class=\"elementor-icon-box-title\">\n            <span >Soutien au commerce mondial<\/span>\n            <\/h3>\n            <p class=\"elementor-icon-box-description\">Nos services d'importation et d'exportation aident les entreprises \u00e0 naviguer sur les march\u00e9s internationaux, gr\u00e2ce \u00e0 des processus rationalis\u00e9s qui soutiennent le commerce mondial.<\/p>\n            <\/div>\n        <\/div>\n        \t\t\t\t<\/div>\n\t\t\t\t<\/div>\n\t\t\t\t\t<\/div>\n\t\t<\/div>\n\t\t\t\t\t<\/div>\n\t\t<\/section>\n\t\t\t\t<section class=\"elementor-section elementor-inner-section elementor-element elementor-element-f8d365b elementor-section-boxed elementor-section-height-default elementor-section-height-default\" data-id=\"f8d365b\" data-element_type=\"section\" data-e-type=\"section\">\n\t\t\t\t\t\t<div class=\"elementor-container elementor-column-gap-no\">\n\t\t\t\t\t<div class=\"elementor-column elementor-col-100 elementor-inner-column elementor-element elementor-element-c177a51\" data-id=\"c177a51\" data-element_type=\"column\" data-e-type=\"column\">\n\t\t\t<div class=\"elementor-widget-wrap elementor-element-populated\">\n\t\t\t\t\t\t<div class=\"elementor-element elementor-element-0f74140 animated-fast elementor-widget-divider--view-line elementor-invisible elementor-widget elementor-widget-divider\" data-id=\"0f74140\" data-element_type=\"widget\" data-e-type=\"widget\" data-settings=\"{&quot;_animation&quot;:&quot;opal-move-up&quot;}\" data-widget_type=\"divider.default\">\n\t\t\t\t<div class=\"elementor-widget-container\">\n\t\t\t\t\t\t\t<div class=\"elementor-divider\">\n\t\t\t<span class=\"elementor-divider-separator\">\n\t\t\t\t\t\t<\/span>\n\t\t<\/div>\n\t\t\t\t\t\t<\/div>\n\t\t\t\t<\/div>\n\t\t\t\t<div class=\"elementor-element elementor-element-bfaa310 elementor-tablet-align-center animated-fast elementor-invisible elementor-widget elementor-widget-heading\" data-id=\"bfaa310\" data-element_type=\"widget\" data-e-type=\"widget\" data-settings=\"{&quot;_animation&quot;:&quot;opal-move-up&quot;}\" data-widget_type=\"heading.default\">\n\t\t\t\t<div class=\"elementor-widget-container\">\n\t\t\t\t\t<h2 class=\"elementor-heading-title elementor-size-default\">Avantages<\/h2>\t\t\t\t<\/div>\n\t\t\t\t<\/div>\n\t\t\t\t\t<\/div>\n\t\t<\/div>\n\t\t\t\t\t<\/div>\n\t\t<\/section>\n\t\t\t\t<section class=\"elementor-section elementor-inner-section elementor-element elementor-element-608745a elementor-section-boxed elementor-section-height-default elementor-section-height-default\" data-id=\"608745a\" data-element_type=\"section\" data-e-type=\"section\">\n\t\t\t\t\t\t<div class=\"elementor-container elementor-column-gap-no\">\n\t\t\t\t\t<div class=\"elementor-column elementor-col-100 elementor-inner-column elementor-element elementor-element-d955f00\" data-id=\"d955f00\" data-element_type=\"column\" data-e-type=\"column\">\n\t\t\t<div class=\"elementor-widget-wrap elementor-element-populated\">\n\t\t\t\t\t\t<div class=\"elementor-element elementor-element-8b32986 animated-fast elementor-invisible elementor-widget elementor-widget-icon-list\" data-id=\"8b32986\" data-element_type=\"widget\" data-e-type=\"widget\" data-settings=\"{&quot;_animation&quot;:&quot;opal-move-up&quot;,&quot;_animation_delay&quot;:0}\" data-widget_type=\"icon-list.default\">\n\t\t\t\t<div class=\"elementor-widget-container\">\n\t\t\t\t\t        <ul class=\"elementor-icon-list-items\">\n                            <li class=\"elementor-icon-list-item\" >\n                                            <span class=\"elementor-icon-list-icon\">\n\t\t\t\t\t\t\t<i class=\"fa fa-check\" aria-hidden=\"true\"><\/i>\n\t\t\t\t\t\t<\/span>\n                                        <span class=\"elementor-icon-list-text\">Durabilit\u00e9 environnementale<\/span>\n                                    <\/li>\n                            <li class=\"elementor-icon-list-item\" >\n                                            <span class=\"elementor-icon-list-icon\">\n\t\t\t\t\t\t\t<i class=\"fa fa-check\" aria-hidden=\"true\"><\/i>\n\t\t\t\t\t\t<\/span>\n                                        <span class=\"elementor-icon-list-text\">Solutions commerciales globales<\/span>\n                                    <\/li>\n                            <li class=\"elementor-icon-list-item\" >\n                                            <span class=\"elementor-icon-list-icon\">\n\t\t\t\t\t\t\t<i class=\"fa fa-check\" aria-hidden=\"true\"><\/i>\n\t\t\t\t\t\t<\/span>\n                                        <span class=\"elementor-icon-list-text\">Des solutions de recyclage \u00e9cologiques<\/span>\n                                    <\/li>\n                            <li class=\"elementor-icon-list-item\" >\n                                            <span class=\"elementor-icon-list-icon\">\n\t\t\t\t\t\t\t<i class=\"fa fa-check\" aria-hidden=\"true\"><\/i>\n\t\t\t\t\t\t<\/span>\n                                        <span class=\"elementor-icon-list-text\">Facilitation efficace du commerce mondial<\/span>\n                                    <\/li>\n                            <li class=\"elementor-icon-list-item\" >\n                                            <span class=\"elementor-icon-list-icon\">\n\t\t\t\t\t\t\t<i class=\"fa fa-check\" aria-hidden=\"true\"><\/i>\n\t\t\t\t\t\t<\/span>\n                                        <span class=\"elementor-icon-list-text\">Des pratiques de gestion des d\u00e9chets rentables et durables<\/span>\n                                    <\/li>\n                    <\/ul>\n        \t\t\t\t<\/div>\n\t\t\t\t<\/div>\n\t\t\t\t\t<\/div>\n\t\t<\/div>\n\t\t\t\t\t<\/div>\n\t\t<\/section>\n\t\t\t\t\t<\/div>\n\t\t<\/div>\n\t\t\t\t\t<\/div>\n\t\t<\/section>\n\t\t\t\t<\/div>","protected":false},"excerpt":{"rendered":"<p>Download a company brochure Get A Copy Do you have any questions? Contact us at the office nearest to you or submit a business inquiry online Contact Us Overview We offer comprehensive import\/export and recycling services, helping businesses manage their waste efficiently while also contributing to environmental sustainability. Our recycling services involve turning waste materials &hellip; <\/p>\n<p class=\"link-more\"><a href=\"https:\/\/peakgroupag.com\/fr\/nos-services\/import-export-recyclage\/\" class=\"more-link\">Lire la suite <i class=\"opal-icon-long-arrow-right\"><\/i><span class=\"screen-reader-text\"> &#8220;Import\/Export &#038; Recycling&#8221;<\/span><\/a><\/p>","protected":false},"author":1,"featured_media":0,"parent":2548,"menu_order":0,"comment_status":"closed","ping_status":"closed","template":"page-elementor.php","meta":{"footnotes":""},"class_list":["post-4128","page","type-page","status-publish","hentry"],"_links":{"self":[{"href":"https:\/\/peakgroupag.com\/fr\/wp-json\/wp\/v2\/pages\/4128","targetHints":{"allow":["GET"]}}],"collection":[{"href":"https:\/\/peakgroupag.com\/fr\/wp-json\/wp\/v2\/pages"}],"about":[{"href":"https:\/\/peakgroupag.com\/fr\/wp-json\/wp\/v2\/types\/page"}],"author":[{"embeddable":true,"href":"https:\/\/peakgroupag.com\/fr\/wp-json\/wp\/v2\/users\/1"}],"replies":[{"embeddable":true,"href":"https:\/\/peakgroupag.com\/fr\/wp-json\/wp\/v2\/comments?post=4128"}],"version-history":[{"count":23,"href":"https:\/\/peakgroupag.com\/fr\/wp-json\/wp\/v2\/pages\/4128\/revisions"}],"predecessor-version":[{"id":4545,"href":"https:\/\/peakgroupag.com\/fr\/wp-json\/wp\/v2\/pages\/4128\/revisions\/4545"}],"up":[{"embeddable":true,"href":"https:\/\/peakgroupag.com\/fr\/wp-json\/wp\/v2\/pages\/2548"}],"wp:attachment":[{"href":"https:\/\/peakgroupag.com\/fr\/wp-json\/wp\/v2\/media?parent=4128"}],"curies":[{"name":"wp","href":"https:\/\/api.w.org\/{rel}","templated":true}]}}